{"id":117,"date":"2021-03-12T16:01:58","date_gmt":"2021-03-12T20:01:58","guid":{"rendered":"http:\/\/ppgla.uea.edu.br\/?page_id=117"},"modified":"2025-01-14T13:38:37","modified_gmt":"2025-01-14T17:38:37","slug":"regimento","status":"publish","type":"page","link":"http:\/\/ppgla.uea.edu.br\/pt_br\/?page_id=117","title":{"rendered":"Regimento"},"content":{"rendered":"\n<h2 class=\"wp-block-heading has-medium-font-size\">Regimento do programa <\/h2>\n\n\n\n<div class=\"wp-block-file\"><a id=\"wp-block-file--media-178e8dad-9292-4e21-a66a-48850b18d0de\" href=\"http:\/\/ppgla.uea.edu.br\/wp-content\/uploads\/2025\/01\/NOVO_2025_Regimento_Programa-de-Pos-Graduacao-em-Letras-e-Artes-PPGLA-1-32.pdf\">Regimento do Programa de P\u00f3s-Gradua\u00e7\u00e3o em Letras e Artes<\/a><a href=\"http:\/\/ppgla.uea.edu.br\/wp-content\/uploads\/2025\/01\/NOVO_2025_Regimento_Programa-de-Pos-Graduacao-em-Letras-e-Artes-PPGLA-1-32.pdf\" class=\"wp-block-file__button wp-element-button\" download aria-describedby=\"wp-block-file--media-178e8dad-9292-4e21-a66a-48850b18d0de\">Baixar<\/a><\/div>\n\n\n\n<p><\/p>\n\n\n\n<hr class=\"wp-block-separator has-alpha-channel-opacity\"\/>\n\n\n\n<h2 class=\"wp-block-heading has-medium-font-size\">Anexos do programa  <\/h2>\n\n\n\n<div class=\"wp-block-file\"><a id=\"wp-block-file--media-138ad2df-45ff-4e04-bea5-1e3e56cece3a\" href=\"http:\/\/ppgla.uea.edu.br\/wp-content\/uploads\/2025\/01\/NOVO_2025_Regimento_Programa-de-Pos-Graduacao-em-Letras-e-Artes-PPGLA-33-45.pdf\">Anexos do Regimento do Programa de P\u00f3s-Gradua\u00e7\u00e3o em Letras e Artes<\/a><a href=\"http:\/\/ppgla.uea.edu.br\/wp-content\/uploads\/2025\/01\/NOVO_2025_Regimento_Programa-de-Pos-Graduacao-em-Letras-e-Artes-PPGLA-33-45.pdf\" class=\"wp-block-file__button wp-element-button\" download aria-describedby=\"wp-block-file--media-138ad2df-45ff-4e04-bea5-1e3e56cece3a\">Baixar<\/a><\/div>\n\n\n\n<p><\/p>\n\n\n\n<hr class=\"wp-block-separator has-alpha-channel-opacity\"\/>\n","protected":false},"excerpt":{"rendered":"<p>Regimento do programa Anexos do programa<\/p>\n","protected":false},"author":1,"featured_media":0,"parent":0,"menu_order":0,"comment_status":"closed","ping_status":"closed","template":"","meta":{"footnotes":""},"class_list":["post-117","page","type-page","status-publish","hentry"],"_links":{"self":[{"href":"http:\/\/ppgla.uea.edu.br\/pt_br\/index.php?rest_route=\/wp\/v2\/pages\/117","targetHints":{"allow":["GET"]}}],"collection":[{"href":"http:\/\/ppgla.uea.edu.br\/pt_br\/index.php?rest_route=\/wp\/v2\/pages"}],"about":[{"href":"http:\/\/ppgla.uea.edu.br\/pt_br\/index.php?rest_route=\/wp\/v2\/types\/page"}],"author":[{"embeddable":true,"href":"http:\/\/ppgla.uea.edu.br\/pt_br\/index.php?rest_route=\/wp\/v2\/users\/1"}],"replies":[{"embeddable":true,"href":"http:\/\/ppgla.uea.edu.br\/pt_br\/index.php?rest_route=%2Fwp%2Fv2%2Fcomments&post=117"}],"version-history":[{"count":15,"href":"http:\/\/ppgla.uea.edu.br\/pt_br\/index.php?rest_route=\/wp\/v2\/pages\/117\/revisions"}],"predecessor-version":[{"id":3792,"href":"http:\/\/ppgla.uea.edu.br\/pt_br\/index.php?rest_route=\/wp\/v2\/pages\/117\/revisions\/3792"}],"wp:attachment":[{"href":"http:\/\/ppgla.uea.edu.br\/pt_br\/index.php?rest_route=%2Fwp%2Fv2%2Fmedia&parent=117"}],"curies":[{"name":"wp","href":"https:\/\/api.w.org\/{rel}","templated":true}]}}