{"id":1817,"date":"2022-12-20T16:40:49","date_gmt":"2022-12-20T20:40:49","guid":{"rendered":"http:\/\/ppgla.uea.edu.br\/?page_id=1817"},"modified":"2025-06-26T11:54:14","modified_gmt":"2025-06-26T15:54:14","slug":"convenios-internacionais","status":"publish","type":"page","link":"http:\/\/ppgla.uea.edu.br\/pt_br\/?page_id=1817","title":{"rendered":"Conv\u00eanios Internacionais"},"content":{"rendered":"\n<p>O PPGLA movimenta alguns conv\u00eanios internacionais que a Universidade do Estado do Amazonas mant\u00e9m. Estes conv\u00eanios foram fruto da nuclea\u00e7\u00e3o do PPGLA com grupos de docentes e pesquisadores com parcerias que est\u00e3o sendo desenvolvidas. Em alguns casos, os docentes do programa s\u00e3o os respons\u00e1veis institucionais.<\/p>\n\n\n\n<div style=\"height:100px\" aria-hidden=\"true\" class=\"wp-block-spacer\"><\/div>\n\n\n\n<div class=\"wp-block-media-text alignfull is-stacked-on-mobile\"><figure class=\"wp-block-media-text__media\"><img loading=\"lazy\" decoding=\"async\" width=\"1024\" height=\"768\" src=\"http:\/\/ppgla.uea.edu.br\/wp-content\/uploads\/2024\/05\/WhatsApp-Image-2024-05-06-at-09.52.19-1024x768.jpeg\" alt=\"\" class=\"wp-image-3124 size-full\" srcset=\"http:\/\/ppgla.uea.edu.br\/wp-content\/uploads\/2024\/05\/WhatsApp-Image-2024-05-06-at-09.52.19-1024x768.jpeg 1024w, http:\/\/ppgla.uea.edu.br\/wp-content\/uploads\/2024\/05\/WhatsApp-Image-2024-05-06-at-09.52.19-300x225.jpeg 300w, http:\/\/ppgla.uea.edu.br\/wp-content\/uploads\/2024\/05\/WhatsApp-Image-2024-05-06-at-09.52.19-768x576.jpeg 768w, http:\/\/ppgla.uea.edu.br\/wp-content\/uploads\/2024\/05\/WhatsApp-Image-2024-05-06-at-09.52.19-16x12.jpeg 16w, http:\/\/ppgla.uea.edu.br\/wp-content\/uploads\/2024\/05\/WhatsApp-Image-2024-05-06-at-09.52.19.jpeg 1280w\" sizes=\"auto, (max-width: 1024px) 100vw, 1024px\" \/><\/figure><div class=\"wp-block-media-text__content\">\n<p><strong>Instituto Superior de Ci\u00eancias da Educa\u00e7\u00e3o do Cuanza-Sul (ISCED) \u2013 Angola<\/strong><\/p>\n\n\n\n<p>O conv\u00eanio entre a Universidade do Estado do Amazonas (UEA) e o Instituto Superior de Ci\u00eancias da Educa\u00e7\u00e3o do Cuanza-Sul (ISCED) foi assinado em 2024. Contudo, deriva da Coopera\u00e7\u00e3o j\u00e1 existente entre Universidade Katyavala Bwila e a Universidade do Estado do Amazonas, vigente desde 2018. No quadro da reorganiza\u00e7\u00e3o das institui\u00e7\u00f5es de ensino superior de Angola, a Universidade Katyavala Bwila, em 2020, teve o ISCED do Cuanza-Sul desmembrado das suas unidades org\u00e2nicas. A partir do Decreto Presidencial N\u00ba 285\/20, de 29 de outubro, o ISCED transformou-se em Instituto de Ensino Superior aut\u00f3nomo. Na continuidade das rela\u00e7\u00f5es acad\u00eamicas, a nova coopera\u00e7\u00e3o mant\u00e9m a sua vig\u00eancia e a sua base na reciprocidade e no desenvolvimento de pesquisas no Brasil, em especial no Amazonas, e em Angola\/Cuanza-Sul \u2013, com vistas \u00e0 difus\u00e3o do conhecimento e da cultura, e o fortalecimento da p\u00f3s-gradua\u00e7\u00e3o <em>stricto sensu<\/em>. No ISCED, a coordenadora da coopera\u00e7\u00e3o \u00e9 a Prof.\u00aa Dr.\u00aa Arlinda Concei\u00e7\u00e3o dos Santos. Na UEA, \u00e9 desempenhada pela Dr.\u00aa Renata Beatriz Brandespin Rolon, docente que atua nos Programas de mestrado e doutorado em Ci\u00eancias da Educa\u00e7\u00e3o do ISCED\/Sumbe.<\/p>\n<\/div><\/div>\n\n\n\n<hr class=\"wp-block-separator has-alpha-channel-opacity\"\/>\n\n\n\n<div class=\"wp-block-media-text alignfull is-stacked-on-mobile\"><figure class=\"wp-block-media-text__media\"><img loading=\"lazy\" decoding=\"async\" width=\"1024\" height=\"768\" src=\"http:\/\/ppgla.uea.edu.br\/wp-content\/uploads\/2024\/05\/WhatsApp-Image-2024-05-06-at-09.52.18-1024x768.jpeg\" alt=\"\" class=\"wp-image-3128 size-full\" srcset=\"http:\/\/ppgla.uea.edu.br\/wp-content\/uploads\/2024\/05\/WhatsApp-Image-2024-05-06-at-09.52.18-1024x768.jpeg 1024w, http:\/\/ppgla.uea.edu.br\/wp-content\/uploads\/2024\/05\/WhatsApp-Image-2024-05-06-at-09.52.18-300x225.jpeg 300w, http:\/\/ppgla.uea.edu.br\/wp-content\/uploads\/2024\/05\/WhatsApp-Image-2024-05-06-at-09.52.18-768x576.jpeg 768w, http:\/\/ppgla.uea.edu.br\/wp-content\/uploads\/2024\/05\/WhatsApp-Image-2024-05-06-at-09.52.18-16x12.jpeg 16w, http:\/\/ppgla.uea.edu.br\/wp-content\/uploads\/2024\/05\/WhatsApp-Image-2024-05-06-at-09.52.18.jpeg 1280w\" sizes=\"auto, (max-width: 1024px) 100vw, 1024px\" \/><\/figure><div class=\"wp-block-media-text__content\">\n<p><strong>Universidade Katyavala Bwila \u2013 Angola<\/strong><br><strong><br><\/strong>O conv\u00eanio entre a Universidade do Estado do Amazonas (UEA) e a Universidade Katyavala Bwila (UKB) foi assinado em 2018. No decorrer do tempo, houve uma troca prof\u00edcua entre as duas institui\u00e7\u00f5es. As a\u00e7\u00f5es desenvolvidas resultaram em organiza\u00e7\u00e3o de evento; publica\u00e7\u00e3o de livro; ministra\u00e7\u00e3o de aula na P\u00f3s-Gradua\u00e7\u00e3o \u2013 Programa de Mestrado em Ci\u00eancias da Educa\u00e7\u00e3o \u2013, na UKB\/ISCED, e orienta\u00e7\u00e3o de disserta\u00e7\u00e3o, tendo docentes do Programa de P\u00f3s-Gradua\u00e7\u00e3o em Letras e Artes atuando como professor visitante. A Coopera\u00e7\u00e3o mant\u00e9m a sua vig\u00eancia e a sua base na reciprocidade e no desenvolvimento de pesquisas no Brasil, em especial na regi\u00e3o Amaz\u00f4nica, onde estamos situados, e em Angola \u2013 Benguela\/Sumbe \u2013, com vistas \u00e0 difus\u00e3o do conhecimento e da cultura, e o fortalecimento da p\u00f3s-gradua\u00e7\u00e3o <em>stricto sensu<\/em>. Na UEA, a coordena\u00e7\u00e3o \u00e9 desempenhada pela Prof.\u00aa Dr.\u00aa Renata Beatriz Brandespin Rolon. Na UKB, a coordenadora \u00e9 a Prof.\u00aa Dr.\u00aa Ermelinda Monteiro da Silva Cardoso.<\/p>\n\n\n\n<p><\/p>\n<\/div><\/div>\n\n\n\n<hr class=\"wp-block-separator has-alpha-channel-opacity\"\/>\n\n\n\n<div class=\"wp-block-media-text alignfull is-stacked-on-mobile\"><figure class=\"wp-block-media-text__media\"><img loading=\"lazy\" decoding=\"async\" width=\"1024\" height=\"771\" src=\"http:\/\/ppgla.uea.edu.br\/wp-content\/uploads\/2024\/05\/WhatsApp-Image-2024-05-06-at-10.54.29-1024x771.jpeg\" alt=\"\" class=\"wp-image-3130 size-full\" srcset=\"http:\/\/ppgla.uea.edu.br\/wp-content\/uploads\/2024\/05\/WhatsApp-Image-2024-05-06-at-10.54.29-1024x771.jpeg 1024w, http:\/\/ppgla.uea.edu.br\/wp-content\/uploads\/2024\/05\/WhatsApp-Image-2024-05-06-at-10.54.29-300x226.jpeg 300w, http:\/\/ppgla.uea.edu.br\/wp-content\/uploads\/2024\/05\/WhatsApp-Image-2024-05-06-at-10.54.29-768x578.jpeg 768w, http:\/\/ppgla.uea.edu.br\/wp-content\/uploads\/2024\/05\/WhatsApp-Image-2024-05-06-at-10.54.29-1536x1156.jpeg 1536w, http:\/\/ppgla.uea.edu.br\/wp-content\/uploads\/2024\/05\/WhatsApp-Image-2024-05-06-at-10.54.29-16x12.jpeg 16w, http:\/\/ppgla.uea.edu.br\/wp-content\/uploads\/2024\/05\/WhatsApp-Image-2024-05-06-at-10.54.29.jpeg 1600w\" sizes=\"auto, (max-width: 1024px) 100vw, 1024px\" \/><\/figure><div class=\"wp-block-media-text__content\">\n<p><strong>Universidade de Aveiro \u2013 Portugal<\/strong><br><br>Em 2022, em atendimento \u00e0 meta que visa o estabelecimento de di\u00e1logos cient\u00edficos em redes internacionais, foi celebrado conv\u00eanio entre a Universidade do Estado do Amazonas (UEA) e a Universidade de Aveiro (UA). Mediado pelo Programa de P\u00f3s-Gradua\u00e7\u00e3o em Letras em Artes (PPGLA\/UEA), a Coopera\u00e7\u00e3o visa o Interc\u00e2mbio de professores, alunos, funcion\u00e1rios e pesquisadores acad\u00eamicos; Atividades de pesquisa e publica\u00e7\u00f5es conjuntas; participa\u00e7\u00f5es em semin\u00e1rios e reuni\u00f5es acad\u00eamicas; trocas de materiais acad\u00eamicos e outras informa\u00e7\u00f5es; Programas em conjunto que possam resultar na concess\u00e3o de diplomas conjuntos; Programas acad\u00eamicos especiais de curta dura\u00e7\u00e3o ou m\u00f3dulos. Nomeada pela UEA, a Prof.\u00aa Dr.\u00aa Renata Beatriz Brandespin Rolon, docente do PPGLA, responde pela coordena\u00e7\u00e3o cient\u00edfica. Na UA, a coordena\u00e7\u00e3o administrativa\/cient\u00edfica \u00e9 desempenhada pelo Prof. Dr. Artur Manuel Soares da Silva.<\/p>\n<\/div><\/div>\n\n\n\n<hr class=\"wp-block-separator has-alpha-channel-opacity\"\/>\n\n\n\n<div class=\"wp-block-media-text alignfull is-stacked-on-mobile\"><figure class=\"wp-block-media-text__media\"><img loading=\"lazy\" decoding=\"async\" width=\"1024\" height=\"768\" src=\"http:\/\/ppgla.uea.edu.br\/wp-content\/uploads\/2025\/06\/Universidade-de-Salamanca-1024x768.jpeg\" alt=\"\" class=\"wp-image-4301 size-full\" srcset=\"http:\/\/ppgla.uea.edu.br\/wp-content\/uploads\/2025\/06\/Universidade-de-Salamanca-1024x768.jpeg 1024w, http:\/\/ppgla.uea.edu.br\/wp-content\/uploads\/2025\/06\/Universidade-de-Salamanca-300x225.jpeg 300w, http:\/\/ppgla.uea.edu.br\/wp-content\/uploads\/2025\/06\/Universidade-de-Salamanca-768x576.jpeg 768w, http:\/\/ppgla.uea.edu.br\/wp-content\/uploads\/2025\/06\/Universidade-de-Salamanca-1536x1152.jpeg 1536w, http:\/\/ppgla.uea.edu.br\/wp-content\/uploads\/2025\/06\/Universidade-de-Salamanca-16x12.jpeg 16w, http:\/\/ppgla.uea.edu.br\/wp-content\/uploads\/2025\/06\/Universidade-de-Salamanca.jpeg 1600w\" sizes=\"auto, (max-width: 1024px) 100vw, 1024px\" \/><\/figure><div class=\"wp-block-media-text__content\">\n<p><strong>Universidade de Salamanca &#8211; Espanha<\/strong><br>O conv\u00eanio com a Universidade de Salamanca, Espanha, foi um dos primeiros firmados pelo PPGLA, em 2012, quando o programa estava na modalidade profissional. Renovado em 2024, atrav\u00e9s do Centro de Estudos Brasileiros, o conv\u00eanio ampliou os interesses, que se iniciaram com estudos musicol\u00f3gicos e a apresenta\u00e7\u00e3o de concertos reunindo m\u00fasicos de ambas as institui\u00e7\u00f5es. As a\u00e7\u00f5es futuras devem alcan\u00e7ar outras express\u00f5es criativas desenvolvidas no PPGLA e de interesse do CEB-USAL. O principal produto desse conv\u00eanio \u00e9 o SIMIbA (Simp\u00f3sio de M\u00fasica Ibero-americana), que j\u00e1 teve oito edi\u00e7\u00f5es, passando por Salamanca, Manaus, Belo Horizonte e Lisboa, ajudando assim a promover outras parcerias institucionais. Pelo lado espanhol o conv\u00eanio esteve sendo movimentado pelos Profs. Drs. Gon\u00e7alo Dacal, Jos\u00e9 M\u00e1ximo Leza Cruz e, atualmente, Jos\u00e9 Manuel Santos, enquanto do lado brasileiro ele continua sendo representado pelo Prof. Dr. M\u00e1rcio P\u00e1scoa.<br><\/p>\n<\/div><\/div>\n\n\n\n<hr class=\"wp-block-separator has-alpha-channel-opacity\"\/>\n\n\n\n<div class=\"wp-block-media-text alignfull is-stacked-on-mobile\"><figure class=\"wp-block-media-text__media\"><img loading=\"lazy\" decoding=\"async\" width=\"1024\" height=\"682\" src=\"http:\/\/ppgla.uea.edu.br\/wp-content\/uploads\/2025\/06\/887d58a3-35e0-40fc-934c-2120d09d239f-1024x682.jpg\" alt=\"\" class=\"wp-image-4269 size-full\" srcset=\"http:\/\/ppgla.uea.edu.br\/wp-content\/uploads\/2025\/06\/887d58a3-35e0-40fc-934c-2120d09d239f-1024x682.jpg 1024w, http:\/\/ppgla.uea.edu.br\/wp-content\/uploads\/2025\/06\/887d58a3-35e0-40fc-934c-2120d09d239f-300x200.jpg 300w, http:\/\/ppgla.uea.edu.br\/wp-content\/uploads\/2025\/06\/887d58a3-35e0-40fc-934c-2120d09d239f-768x512.jpg 768w, http:\/\/ppgla.uea.edu.br\/wp-content\/uploads\/2025\/06\/887d58a3-35e0-40fc-934c-2120d09d239f-1536x1023.jpg 1536w, http:\/\/ppgla.uea.edu.br\/wp-content\/uploads\/2025\/06\/887d58a3-35e0-40fc-934c-2120d09d239f-18x12.jpg 18w, http:\/\/ppgla.uea.edu.br\/wp-content\/uploads\/2025\/06\/887d58a3-35e0-40fc-934c-2120d09d239f-360x240.jpg 360w, http:\/\/ppgla.uea.edu.br\/wp-content\/uploads\/2025\/06\/887d58a3-35e0-40fc-934c-2120d09d239f.jpg 1600w\" sizes=\"auto, (max-width: 1024px) 100vw, 1024px\" \/><\/figure><div class=\"wp-block-media-text__content\">\n<p><strong>Instituto Polit\u00e9cnico de Castelo Branco &#8211; Portugal<br><\/strong><br>O conv\u00eanio assinado em 2024 foi precedido de um conjunto frequente de a\u00e7\u00f5es que remontam a 2016, quando estava ao abrigo de um Termo de Coopera\u00e7\u00e3o T\u00e9cnica. A nova figura jur\u00eddica d\u00e1 possibilidades maiores de a\u00e7\u00e3o, sem perder a continuidade do interc\u00e2mbio de docentes portugueses e brasileiros para masterclasses, workshops, concertos e participa\u00e7\u00f5es em atividades diversas de visibilidade acad\u00eamica. Atualmente esse conv\u00eanio \u00e9 movimentado do lado portugu\u00eas pelos professores Luiza Tender e Ant\u00f4nio Carrilho, membros da coordena\u00e7\u00e3o de p\u00f3s-gradua\u00e7\u00e3o <em>stricto sensu<\/em> no IPCB, enquanto do lado brasileiro ele \u00e9 representado pelo professor M\u00e1rcio P\u00e1scoa.&nbsp;<br><br><\/p>\n<\/div><\/div>\n\n\n\n<hr class=\"wp-block-separator has-alpha-channel-opacity\"\/>\n\n\n\n<p><\/p>\n\n\n\n<div class=\"wp-block-media-text alignfull is-stacked-on-mobile\"><figure class=\"wp-block-media-text__media\"><img loading=\"lazy\" decoding=\"async\" width=\"1024\" height=\"768\" src=\"http:\/\/ppgla.uea.edu.br\/wp-content\/uploads\/2025\/06\/NOTICIAS-DO-SITE.png\" alt=\"\" class=\"wp-image-4329 size-full\" srcset=\"http:\/\/ppgla.uea.edu.br\/wp-content\/uploads\/2025\/06\/NOTICIAS-DO-SITE.png 1024w, http:\/\/ppgla.uea.edu.br\/wp-content\/uploads\/2025\/06\/NOTICIAS-DO-SITE-300x225.png 300w, http:\/\/ppgla.uea.edu.br\/wp-content\/uploads\/2025\/06\/NOTICIAS-DO-SITE-768x576.png 768w, http:\/\/ppgla.uea.edu.br\/wp-content\/uploads\/2025\/06\/NOTICIAS-DO-SITE-16x12.png 16w\" sizes=\"auto, (max-width: 1024px) 100vw, 1024px\" \/><\/figure><div class=\"wp-block-media-text__content\">\n<p><strong><strong>Universidade Nova de Lisboa &#8211; Portugal<\/strong><br><\/strong><br>Em fase de renova\u00e7\u00e3o, o conv\u00eanio assinado inicialmente com a Universidade Nova de Lisboa em 2015 foi estabelecido para a coopera\u00e7\u00e3o t\u00e9cnica em diversos projetos capitaneados pela institui\u00e7\u00e3o portuguesa, como a elabora\u00e7\u00e3o da Hist\u00f3ria Tem\u00e1tica da M\u00fasica em Portugal e no Brasil e a Cataloga\u00e7\u00e3o do Acervo Musical do Pa\u00e7o Ducal de Vila Vi\u00e7osa em Portugal, que conta com a participa\u00e7\u00e3o frequente do Prof. M\u00e1rcio P\u00e1scoa pelo lado do PPGLA, assim como eventuais contributos de outros membros locais, enquanto do lado portugu\u00eas ele \u00e9 representado pela equipe do CESEM (Centro de Estudos Musicais), que sediou uma edi\u00e7\u00e3o do SIMIbA, nascido da parceria do PPGLA-UEA com o CEB-USAL.<br><br><br><\/p>\n<\/div><\/div>\n\n\n\n<hr class=\"wp-block-separator has-alpha-channel-opacity\"\/>\n\n\n\n<div class=\"wp-block-media-text alignfull is-stacked-on-mobile\"><figure class=\"wp-block-media-text__media\"><img loading=\"lazy\" decoding=\"async\" width=\"1024\" height=\"768\" src=\"http:\/\/ppgla.uea.edu.br\/wp-content\/uploads\/2025\/06\/NOTICIAS-DO-SITE-1-1.png\" alt=\"\" class=\"wp-image-4464 size-full\" srcset=\"http:\/\/ppgla.uea.edu.br\/wp-content\/uploads\/2025\/06\/NOTICIAS-DO-SITE-1-1.png 1024w, http:\/\/ppgla.uea.edu.br\/wp-content\/uploads\/2025\/06\/NOTICIAS-DO-SITE-1-1-300x225.png 300w, http:\/\/ppgla.uea.edu.br\/wp-content\/uploads\/2025\/06\/NOTICIAS-DO-SITE-1-1-768x576.png 768w, http:\/\/ppgla.uea.edu.br\/wp-content\/uploads\/2025\/06\/NOTICIAS-DO-SITE-1-1-16x12.png 16w\" sizes=\"auto, (max-width: 1024px) 100vw, 1024px\" \/><\/figure><div class=\"wp-block-media-text__content\">\n<p><strong>Universit\u00e1 Gabriele d\u2019Annunzio di Chieti &#8211; Pescara<br><\/strong><br>Este conv\u00eanio foi renovado, em 2024, para mais seis anos de vig\u00eancia. As atividades que t\u00eam sido desenvolvidas implicam a mobilidade de professores para a\u00e7\u00f5es conjuntas de pesquisa no campo da lingu\u00edstica. O professor Carlos Renato Ros\u00e1rio, do corpo permanente do PPGLA e coordenador cient\u00edfico deste acordo, se deslocou para per\u00edodo de est\u00e1gio p\u00f3s-doutoral, enquanto est\u00e1 prevista para 2025 e 2026 a chegada docentes da institui\u00e7\u00e3o italiana para termo de visita\u00e7\u00e3o e colabora\u00e7\u00e3o no PPGLA.<br><br><br><br><\/p>\n<\/div><\/div>\n\n\n\n<hr class=\"wp-block-separator has-alpha-channel-opacity\"\/>\n\n\n\n<div class=\"wp-block-media-text alignfull is-stacked-on-mobile\"><figure class=\"wp-block-media-text__media\"><img loading=\"lazy\" decoding=\"async\" width=\"1024\" height=\"576\" src=\"http:\/\/ppgla.uea.edu.br\/wp-content\/uploads\/2025\/06\/WhatsApp-Image-2025-06-04-at-13.19.30-1024x576.jpeg\" alt=\"\" class=\"wp-image-4367 size-full\" srcset=\"http:\/\/ppgla.uea.edu.br\/wp-content\/uploads\/2025\/06\/WhatsApp-Image-2025-06-04-at-13.19.30-1024x576.jpeg 1024w, http:\/\/ppgla.uea.edu.br\/wp-content\/uploads\/2025\/06\/WhatsApp-Image-2025-06-04-at-13.19.30-300x169.jpeg 300w, http:\/\/ppgla.uea.edu.br\/wp-content\/uploads\/2025\/06\/WhatsApp-Image-2025-06-04-at-13.19.30-768x432.jpeg 768w, http:\/\/ppgla.uea.edu.br\/wp-content\/uploads\/2025\/06\/WhatsApp-Image-2025-06-04-at-13.19.30-18x10.jpeg 18w, http:\/\/ppgla.uea.edu.br\/wp-content\/uploads\/2025\/06\/WhatsApp-Image-2025-06-04-at-13.19.30.jpeg 1280w\" sizes=\"auto, (max-width: 1024px) 100vw, 1024px\" \/><\/figure><div class=\"wp-block-media-text__content\">\n<p><strong>King\u2019s College London &#8211; Londres&nbsp;<br><\/strong><br>O acordo com a UEA, assinado atrav\u00e9s de a\u00e7\u00e3o do PPGLA, foi firmado em torno do projeto <em>Irene: Conflict Resolution Training sessions with indigenous women activists in Amazonia (Brazil)<\/em>.&nbsp; O projeto, que envolve tamb\u00e9m a Universidade de La Sabana (Col\u00f4mbia), utiliza textos cl\u00e1ssicos e t\u00e9cnicas ret\u00f3ricas, como o m\u00e9todo socr\u00e1tico, para ajudar comunidades ind\u00edgenas na Amaz\u00f4nia a encontrar maneiras pac\u00edficas de resolver conflitos. O projeto adaptou e traduziu um livro de exerc\u00edcios em formato de hist\u00f3ria em quadrinhos do projeto Irene Peace Building \u200b\u200bpara treinar mulheres ativistas ind\u00edgenas como mediadoras, auxiliando-as a lidar com disputas em suas comunidades, no alto Rio Negro. Essas ativistas, por sua vez, replicar\u00e3o o treinamento em suas comunidades, ajudando a resolver disputas relacionadas a terras, \u00e1gua e viol\u00eancia de g\u00eanero. Ao conectar textos cl\u00e1ssicos com quest\u00f5es contempor\u00e2neas, Irene forneceu a base para esfor\u00e7os de constru\u00e7\u00e3o da paz de longo prazo em uma regi\u00e3o carente e vulner\u00e1vel. O projeto tem uma p\u00e1gina web para refer\u00eancia inicial: <a href=\"https:\/\/proyectoirene.pages.dev\/recursos-didacticos\/guia-socratica\/pt\/\">https:\/\/proyectoirene.pages.dev\/recursos-didacticos\/guia-socratica\/pt\/<\/a><br><br><br><br><\/p>\n<\/div><\/div>\n\n\n\n<hr class=\"wp-block-separator has-alpha-channel-opacity\"\/>\n\n\n\n<div class=\"wp-block-media-text alignfull is-stacked-on-mobile\"><figure class=\"wp-block-media-text__media\"><img loading=\"lazy\" decoding=\"async\" width=\"1024\" height=\"768\" src=\"http:\/\/ppgla.uea.edu.br\/wp-content\/uploads\/2025\/06\/NOTICIAS-DO-SITE-1.png\" alt=\"\" class=\"wp-image-4395 size-full\" srcset=\"http:\/\/ppgla.uea.edu.br\/wp-content\/uploads\/2025\/06\/NOTICIAS-DO-SITE-1.png 1024w, http:\/\/ppgla.uea.edu.br\/wp-content\/uploads\/2025\/06\/NOTICIAS-DO-SITE-1-300x225.png 300w, http:\/\/ppgla.uea.edu.br\/wp-content\/uploads\/2025\/06\/NOTICIAS-DO-SITE-1-768x576.png 768w, http:\/\/ppgla.uea.edu.br\/wp-content\/uploads\/2025\/06\/NOTICIAS-DO-SITE-1-16x12.png 16w\" sizes=\"auto, (max-width: 1024px) 100vw, 1024px\" \/><\/figure><div class=\"wp-block-media-text__content\">\n<p><strong>G-CUB<br><\/strong><br>Uma importante a\u00e7\u00e3o de mobilidade internacional da qual o PPGLA participa \u00e9 o conv\u00eanio com o Grupo de Coopera\u00e7\u00e3o Internacional de Universidades Brasileiras (G-CUB). Durante o quadri\u00eanio 2021-2024, o Programa recebeu tr\u00eas estudantes estrangeiros em seu curso de mestrado: um estudante peruano, uma estudante mo\u00e7ambicana e uma estudante timorense. Esses discentes contam com reserva de bolsa de mestrado da CAPES para sua perman\u00eancia na cidade e, ao chegarem a Manaus, t\u00eam direito a moradia na Casa do Estudante por um per\u00edodo de tr\u00eas meses, enquanto se conclui o processo de implementa\u00e7\u00e3o da bolsa. Essa a\u00e7\u00e3o tamb\u00e9m est\u00e1 alinhada \u00e0 pol\u00edtica de cotas, a\u00e7\u00f5es afirmativas e pr\u00e1ticas inclusivas do Programa, pois prioriza estudantes oriundos de contextos geopol\u00edticos vulner\u00e1veis. Em breve, tamb\u00e9m ser\u00e3o ofertadas vagas para o curso de doutorado por meio desse conv\u00eanio.<br><br><br><\/p>\n<\/div><\/div>\n","protected":false},"excerpt":{"rendered":"<p>O PPGLA movimenta alguns conv\u00eanios internacionais que a Universidade do Estado do Amazonas mant\u00e9m. Estes conv\u00eanios foram fruto da nuclea\u00e7\u00e3o do PPGLA com grupos de docentes e pesquisadores com parcerias que est\u00e3o sendo desenvolvidas. Em alguns casos, os docentes do programa s\u00e3o os respons\u00e1veis institucionais. Instituto Superior de Ci\u00eancias da [&hellip;]<\/p>\n","protected":false},"author":1,"featured_media":0,"parent":0,"menu_order":0,"comment_status":"closed","ping_status":"closed","template":"","meta":{"footnotes":""},"class_list":["post-1817","page","type-page","status-publish","hentry"],"_links":{"self":[{"href":"http:\/\/ppgla.uea.edu.br\/pt_br\/index.php?rest_route=\/wp\/v2\/pages\/1817","targetHints":{"allow":["GET"]}}],"collection":[{"href":"http:\/\/ppgla.uea.edu.br\/pt_br\/index.php?rest_route=\/wp\/v2\/pages"}],"about":[{"href":"http:\/\/ppgla.uea.edu.br\/pt_br\/index.php?rest_route=\/wp\/v2\/types\/page"}],"author":[{"embeddable":true,"href":"http:\/\/ppgla.uea.edu.br\/pt_br\/index.php?rest_route=\/wp\/v2\/users\/1"}],"replies":[{"embeddable":true,"href":"http:\/\/ppgla.uea.edu.br\/pt_br\/index.php?rest_route=%2Fwp%2Fv2%2Fcomments&post=1817"}],"version-history":[{"count":32,"href":"http:\/\/ppgla.uea.edu.br\/pt_br\/index.php?rest_route=\/wp\/v2\/pages\/1817\/revisions"}],"predecessor-version":[{"id":4522,"href":"http:\/\/ppgla.uea.edu.br\/pt_br\/index.php?rest_route=\/wp\/v2\/pages\/1817\/revisions\/4522"}],"wp:attachment":[{"href":"http:\/\/ppgla.uea.edu.br\/pt_br\/index.php?rest_route=%2Fwp%2Fv2%2Fmedia&parent=1817"}],"curies":[{"name":"wp","href":"https:\/\/api.w.org\/{rel}","templated":true}]}}