{"id":1822,"date":"2022-12-20T16:52:30","date_gmt":"2022-12-20T20:52:30","guid":{"rendered":"http:\/\/ppgla.uea.edu.br\/?page_id=1822"},"modified":"2026-04-08T11:58:03","modified_gmt":"2026-04-08T15:58:03","slug":"grade-horaria","status":"publish","type":"page","link":"http:\/\/ppgla.uea.edu.br\/pt_br\/?page_id=1822","title":{"rendered":"Grade Hor\u00e1ria"},"content":{"rendered":"\n<h2 class=\"wp-block-heading\">Calend\u00e1rio acad\u00eamico 2025<\/h2>\n\n\n\n<div class=\"wp-block-file\"><a id=\"wp-block-file--media-1f41f4c0-df59-4413-8f1c-ce0e4fbc4884\" href=\"http:\/\/ppgla.uea.edu.br\/wp-content\/uploads\/2026\/02\/Calendario-PPGLA-2026-.pdf\">Calenda\u0301rio PPGLA 2026<\/a><a href=\"http:\/\/ppgla.uea.edu.br\/wp-content\/uploads\/2026\/02\/Calendario-PPGLA-2026-.pdf\" class=\"wp-block-file__button wp-element-button\" download aria-describedby=\"wp-block-file--media-1f41f4c0-df59-4413-8f1c-ce0e4fbc4884\">Baixar<\/a><\/div>\n\n\n\n<div class=\"wp-block-file\"><a id=\"wp-block-file--media-487cd739-2c19-46ff-8ec0-cc3c2d1f5d90\" href=\"http:\/\/ppgla.uea.edu.br\/wp-content\/uploads\/2025\/01\/Calendario-PPGLA-2025.pdf\">Calend\u00e1rio PPGLA 2025<\/a><a href=\"http:\/\/ppgla.uea.edu.br\/wp-content\/uploads\/2025\/01\/Calendario-PPGLA-2025.pdf\" class=\"wp-block-file__button wp-element-button\" download aria-describedby=\"wp-block-file--media-487cd739-2c19-46ff-8ec0-cc3c2d1f5d90\">Baixar<\/a><\/div>\n\n\n\n<div class=\"wp-block-file\"><a id=\"wp-block-file--media-6472c74a-e330-42ff-87be-510c819ae26c\" href=\"http:\/\/ppgla.uea.edu.br\/wp-content\/uploads\/2024\/08\/Calendario-PPGLA-2024-2-1.pdf\">Calend\u00e1rio PPGLA 2024<\/a><a href=\"http:\/\/ppgla.uea.edu.br\/wp-content\/uploads\/2024\/08\/Calendario-PPGLA-2024-2-1.pdf\" class=\"wp-block-file__button wp-element-button\" download aria-describedby=\"wp-block-file--media-6472c74a-e330-42ff-87be-510c819ae26c\">Baixar<\/a><\/div>\n\n\n\n<div class=\"wp-block-file\"><a id=\"wp-block-file--media-b4734710-aec4-459e-ab14-70db7a0b0e18\" href=\"http:\/\/ppgla.uea.edu.br\/wp-content\/uploads\/2023\/07\/Calendario-PPGLA-2023-1.pdf\">Calend\u00e1rio PPGLA_2023<\/a><a href=\"http:\/\/ppgla.uea.edu.br\/wp-content\/uploads\/2023\/07\/Calendario-PPGLA-2023-1.pdf\" class=\"wp-block-file__button wp-element-button\" download aria-describedby=\"wp-block-file--media-b4734710-aec4-459e-ab14-70db7a0b0e18\">Baixar<\/a><\/div>\n\n\n\n<p><strong>DISCIPLINAS E HOR\u00c1RIOS 2026<\/strong><\/p>\n\n\n\n<div class=\"wp-block-file\"><a id=\"wp-block-file--media-083a6d64-df1d-4b39-be0b-c7aa5ce15ccd\" href=\"http:\/\/ppgla.uea.edu.br\/wp-content\/uploads\/2026\/04\/Disciplinas_2026.1_PPGLA-1-2.pdf\">Disciplinas_2026.1_PPGLA<\/a><a href=\"http:\/\/ppgla.uea.edu.br\/wp-content\/uploads\/2026\/04\/Disciplinas_2026.1_PPGLA-1-2.pdf\" class=\"wp-block-file__button wp-element-button\" download aria-describedby=\"wp-block-file--media-083a6d64-df1d-4b39-be0b-c7aa5ce15ccd\">Baixar<\/a><\/div>\n\n\n\n<p class=\"has-medium-font-size\"><strong>DISCIPLINAS E HOR\u00c1RIOS 2025<\/strong><\/p>\n\n\n\n<div class=\"wp-block-file\"><a id=\"wp-block-file--media-90c48b6e-bcdb-453b-8337-e3983aa264e9\" href=\"http:\/\/ppgla.uea.edu.br\/wp-content\/uploads\/2025\/08\/Abertura-Per.-2025.2-PPGLA-UEA-ATUAL-COM-AS-SALAS-1-1.pdf\">Disciplinas_2025-2<\/a><a href=\"http:\/\/ppgla.uea.edu.br\/wp-content\/uploads\/2025\/08\/Abertura-Per.-2025.2-PPGLA-UEA-ATUAL-COM-AS-SALAS-1-1.pdf\" class=\"wp-block-file__button wp-element-button\" download aria-describedby=\"wp-block-file--media-90c48b6e-bcdb-453b-8337-e3983aa264e9\">Baixar<\/a><\/div>\n\n\n\n<p><a href=\"https:\/\/drive.google.com\/file\/d\/1GBMKahZxHGKLVZ5mdHDnknpoVG-nFYfg\/view?usp=drive_link\">Descri\u00e7\u00e3o das disciplinas 2025.1<\/a> <a href=\"https:\/\/drive.google.com\/file\/d\/1GBMKahZxHGKLVZ5mdHDnknpoVG-nFYfg\/view?usp=drive_link\">(clique aqui)<\/a><\/p>\n\n\n\n<p><a href=\"https:\/\/drive.google.com\/file\/d\/1ynBkfHDCxWEyDHmmpP3WMotP4qCZLfnO\/view?usp=drive_link\">Disciplinas 2025 -1<\/a><\/p>\n\n\n\n<p><br><strong>DISCIPLINAS E HOR\u00c1RIOS 2024<\/strong><\/p>\n\n\n\n<div class=\"wp-block-file\"><a id=\"wp-block-file--media-212fc196-240d-4590-9ee6-bdf7d4d9251f\" href=\"http:\/\/ppgla.uea.edu.br\/wp-content\/uploads\/2024\/08\/Descricoes-1.pdf\">Descri\u00e7\u00e3o das disciplinas 2024.2<\/a><a href=\"http:\/\/ppgla.uea.edu.br\/wp-content\/uploads\/2024\/08\/Descricoes-1.pdf\" class=\"wp-block-file__button wp-element-button\" download aria-describedby=\"wp-block-file--media-212fc196-240d-4590-9ee6-bdf7d4d9251f\">Baixar<\/a><\/div>\n\n\n\n<div class=\"wp-block-file\"><a id=\"wp-block-file--media-29f40020-94d0-465e-8152-24ee0fe5f851\" href=\"http:\/\/ppgla.uea.edu.br\/wp-content\/uploads\/2024\/04\/Disciplinas-ofertadas_2024-1.pdf\" target=\"_blank\" rel=\"noreferrer noopener\">Descri\u00e7\u00e3o das disciplinas_2024.1<\/a><a href=\"http:\/\/ppgla.uea.edu.br\/wp-content\/uploads\/2024\/04\/Disciplinas-ofertadas_2024-1.pdf\" class=\"wp-block-file__button wp-element-button\" download aria-describedby=\"wp-block-file--media-29f40020-94d0-465e-8152-24ee0fe5f851\">Baixar<\/a><\/div>\n\n\n\n<p class=\"has-black-color has-text-color has-link-color has-small-font-size wp-elements-4517600b889e5f5684f85834354cde65\"><br><strong>DISCIPLINAS E HOR\u00c1RIOS 2023<\/strong><\/p>\n\n\n\n<div class=\"wp-block-file\"><a id=\"wp-block-file--media-516ead1c-6fa6-4d39-99fc-9c37703529f5\" href=\"http:\/\/ppgla.uea.edu.br\/wp-content\/uploads\/2023\/04\/Descricao-das-disciplinas-ofertadas_2023.1.pdf\">Descri\u00e7\u00e3o das disciplinas 2023.1<\/a><a href=\"http:\/\/ppgla.uea.edu.br\/wp-content\/uploads\/2023\/04\/Descricao-das-disciplinas-ofertadas_2023.1.pdf\" class=\"wp-block-file__button wp-element-button\" download aria-describedby=\"wp-block-file--media-516ead1c-6fa6-4d39-99fc-9c37703529f5\"><strong>Baixar<\/strong><\/a><\/div>\n\n\n\n<div class=\"wp-block-file\"><a id=\"wp-block-file--media-5a82cfe8-5724-4807-932d-33b3fca839e2\" href=\"http:\/\/ppgla.uea.edu.br\/wp-content\/uploads\/2023\/09\/Descricao-das-disciplinas.pdf\">Descri\u00e7\u00e3o das disciplinas 2023.2<\/a><a href=\"http:\/\/ppgla.uea.edu.br\/wp-content\/uploads\/2023\/09\/Descricao-das-disciplinas.pdf\" class=\"wp-block-file__button wp-element-button\" download aria-describedby=\"wp-block-file--media-5a82cfe8-5724-4807-932d-33b3fca839e2\">Baixar<\/a><\/div>\n\n\n\n<div class=\"wp-block-file\"><a id=\"wp-block-file--media-516ead1c-6fa6-4d39-99fc-9c37703529f5\" href=\"http:\/\/ppgla.uea.edu.br\/wp-content\/uploads\/2023\/04\/Abertura-Per.-2023.1-PPGLA-UEA-ATUAL-1.pdf\">Quadro de disciplinas 2023.1<\/a><a href=\"http:\/\/ppgla.uea.edu.br\/wp-content\/uploads\/2023\/04\/Abertura-Per.-2023.1-PPGLA-UEA-ATUAL-1.pdf\" class=\"wp-block-file__button wp-element-button\" download aria-describedby=\"wp-block-file--media-516ead1c-6fa6-4d39-99fc-9c37703529f5\"><strong>Baixar<\/strong><\/a><\/div>\n\n\n\n<div class=\"wp-block-file\"><a id=\"wp-block-file--media-efb0e12c-7478-4e8c-be88-dcd12a68605e\" href=\"http:\/\/ppgla.uea.edu.br\/wp-content\/uploads\/2023\/09\/Quadro-de-Disciplinas-2023.2.pdf\">Quadro de disciplinas 2023.2<\/a><a href=\"http:\/\/ppgla.uea.edu.br\/wp-content\/uploads\/2023\/09\/Quadro-de-Disciplinas-2023.2.pdf\" class=\"wp-block-file__button wp-element-button\" download aria-describedby=\"wp-block-file--media-efb0e12c-7478-4e8c-be88-dcd12a68605e\">Baixar<\/a><\/div>\n\n\n\n<p><br><\/p>\n\n\n\n<p><br><\/p>\n\n\n\n<p><br><br><\/p>\n","protected":false},"excerpt":{"rendered":"<p>Calend\u00e1rio acad\u00eamico 2025 DISCIPLINAS E HOR\u00c1RIOS 2026 DISCIPLINAS E HOR\u00c1RIOS 2025 Descri\u00e7\u00e3o das disciplinas 2025.1 (clique aqui) Disciplinas 2025 -1 DISCIPLINAS E HOR\u00c1RIOS 2024 DISCIPLINAS E HOR\u00c1RIOS 2023<\/p>\n","protected":false},"author":1,"featured_media":0,"parent":0,"menu_order":0,"comment_status":"closed","ping_status":"closed","template":"","meta":{"footnotes":""},"class_list":["post-1822","page","type-page","status-publish","hentry"],"_links":{"self":[{"href":"http:\/\/ppgla.uea.edu.br\/pt_br\/index.php?rest_route=\/wp\/v2\/pages\/1822","targetHints":{"allow":["GET"]}}],"collection":[{"href":"http:\/\/ppgla.uea.edu.br\/pt_br\/index.php?rest_route=\/wp\/v2\/pages"}],"about":[{"href":"http:\/\/ppgla.uea.edu.br\/pt_br\/index.php?rest_route=\/wp\/v2\/types\/page"}],"author":[{"embeddable":true,"href":"http:\/\/ppgla.uea.edu.br\/pt_br\/index.php?rest_route=\/wp\/v2\/users\/1"}],"replies":[{"embeddable":true,"href":"http:\/\/ppgla.uea.edu.br\/pt_br\/index.php?rest_route=%2Fwp%2Fv2%2Fcomments&post=1822"}],"version-history":[{"count":49,"href":"http:\/\/ppgla.uea.edu.br\/pt_br\/index.php?rest_route=\/wp\/v2\/pages\/1822\/revisions"}],"predecessor-version":[{"id":5234,"href":"http:\/\/ppgla.uea.edu.br\/pt_br\/index.php?rest_route=\/wp\/v2\/pages\/1822\/revisions\/5234"}],"wp:attachment":[{"href":"http:\/\/ppgla.uea.edu.br\/pt_br\/index.php?rest_route=%2Fwp%2Fv2%2Fmedia&parent=1822"}],"curies":[{"name":"wp","href":"https:\/\/api.w.org\/{rel}","templated":true}]}}