{"id":1881,"date":"2023-03-01T15:50:33","date_gmt":"2023-03-01T19:50:33","guid":{"rendered":"http:\/\/ppgla.uea.edu.br\/?page_id=1881"},"modified":"2023-03-22T10:21:52","modified_gmt":"2023-03-22T14:21:52","slug":"credenciamento-docente","status":"publish","type":"page","link":"http:\/\/ppgla.uea.edu.br\/pt_br\/?page_id=1881","title":{"rendered":"Credenciamento Docente"},"content":{"rendered":"\n<p>O Programa de P\u00f3s-Gradua\u00e7\u00e3o em Letras e Artes da Universidade do Estado do Amazonas (PPGLA-UEA) aceita propostas de credenciamento de novos professores com no m\u00ednimo dois anos de doutoramento, no semestre final do quadri\u00eanio de avalia\u00e7\u00e3o pela CAPES, mediante uma entre as seguintes alternativas:<\/p>\n\n\n\n<p><strong>a)<\/strong> por convite de um dos membros do Colegiado, aceito por unanimidade pelos demais membros permanentes, ap\u00f3s a an\u00e1lise de curr\u00edculo e produ\u00e7\u00e3o intelectual pela comiss\u00e3o de credenciamento. <br><strong>b)<\/strong> por interesse pessoal do proponente, que deve apresentar proposta para an\u00e1lise de curr\u00edculo e produ\u00e7\u00e3o intelectual pela comiss\u00e3o de credenciamento e aprova\u00e7\u00e3o un\u00e2nime do Colegiado.<\/p>\n\n\n\n<p>Ser\u00e3o considerados para an\u00e1lise os quatro anos anteriores.<\/p>\n\n\n\n<p>Para o credenciamento ser\u00e1 necess\u00e1rio apresentar um plano de trabalho contendo projeto de pesquisa, indica\u00e7\u00e3o de linha de pesquisa em que atuar\u00e1, disciplinas que poder\u00e1 ministrar dentre as j\u00e1 existentes no programa e apresenta\u00e7\u00e3o do curr\u00edculo Lattes documentado.<\/p>\n\n\n\n<p>Para o recredenciamento ser\u00e1 necess\u00e1rio apresentar um relat\u00f3rio anual contendo a produ\u00e7\u00e3o realizada e documentada no curr\u00edculo Lattes. Essa produ\u00e7\u00e3o ser\u00e1 avaliada no \u00faltimo ano do quadri\u00eanio.<\/p>\n\n\n\n<p>Na avalia\u00e7\u00e3o do projeto de pesquisa, devido ao car\u00e1ter interdisciplinar do PPGLA-UEA, haver\u00e1 de ser preservado o equil\u00edbrio entre as linhas de pesquisa em que se subdivide o Programa.<\/p>\n\n\n\n<p>Na avalia\u00e7\u00e3o do curr\u00edculo o PPGLA adota como crit\u00e9rios para credenciamento e recredenciamento de docentes do Programa de P\u00f3s-Gradua\u00e7\u00e3o em Letras e Artes da Universidade do Estado do Amazonas (PPGLA-UEA) observando indicadores de produ\u00e7\u00e3o presentes no documento de \u00e1rea.<\/p>\n\n\n\n<div class=\"wp-block-file\"><a id=\"wp-block-file--media-1d4ebf34-833c-4393-bb6a-01fada862cbf\" href=\"http:\/\/ppgla.uea.edu.br\/wp-content\/uploads\/2023\/03\/Credenciamento-docente-Versao-Correta.pdf\" target=\"_blank\" rel=\"noreferrer noopener\"><mark style=\"background-color:rgba(0, 0, 0, 0)\" class=\"has-inline-color has-accent-color\">Credenciamento Docente<\/mark><\/a><a href=\"http:\/\/ppgla.uea.edu.br\/wp-content\/uploads\/2023\/03\/Credenciamento-docente-Versao-Correta.pdf\" class=\"wp-block-file__button wp-element-button\" download aria-describedby=\"wp-block-file--media-1d4ebf34-833c-4393-bb6a-01fada862cbf\"><strong>Baixar<\/strong><\/a><\/div>\n","protected":false},"excerpt":{"rendered":"<p>O Programa de P\u00f3s-Gradua\u00e7\u00e3o em Letras e Artes da Universidade do Estado do Amazonas (PPGLA-UEA) aceita propostas de credenciamento de novos professores com no m\u00ednimo dois anos de doutoramento, no semestre final do quadri\u00eanio de avalia\u00e7\u00e3o pela CAPES, mediante uma entre as seguintes alternativas: a) por convite de um dos [&hellip;]<\/p>\n","protected":false},"author":1,"featured_media":0,"parent":0,"menu_order":0,"comment_status":"closed","ping_status":"closed","template":"","meta":{"footnotes":""},"class_list":["post-1881","page","type-page","status-publish","hentry"],"_links":{"self":[{"href":"http:\/\/ppgla.uea.edu.br\/pt_br\/index.php?rest_route=\/wp\/v2\/pages\/1881","targetHints":{"allow":["GET"]}}],"collection":[{"href":"http:\/\/ppgla.uea.edu.br\/pt_br\/index.php?rest_route=\/wp\/v2\/pages"}],"about":[{"href":"http:\/\/ppgla.uea.edu.br\/pt_br\/index.php?rest_route=\/wp\/v2\/types\/page"}],"author":[{"embeddable":true,"href":"http:\/\/ppgla.uea.edu.br\/pt_br\/index.php?rest_route=\/wp\/v2\/users\/1"}],"replies":[{"embeddable":true,"href":"http:\/\/ppgla.uea.edu.br\/pt_br\/index.php?rest_route=%2Fwp%2Fv2%2Fcomments&post=1881"}],"version-history":[{"count":8,"href":"http:\/\/ppgla.uea.edu.br\/pt_br\/index.php?rest_route=\/wp\/v2\/pages\/1881\/revisions"}],"predecessor-version":[{"id":2001,"href":"http:\/\/ppgla.uea.edu.br\/pt_br\/index.php?rest_route=\/wp\/v2\/pages\/1881\/revisions\/2001"}],"wp:attachment":[{"href":"http:\/\/ppgla.uea.edu.br\/pt_br\/index.php?rest_route=%2Fwp%2Fv2%2Fmedia&parent=1881"}],"curies":[{"name":"wp","href":"https:\/\/api.w.org\/{rel}","templated":true}]}}