{"id":1886,"date":"2023-03-01T16:06:01","date_gmt":"2023-03-01T20:06:01","guid":{"rendered":"http:\/\/ppgla.uea.edu.br\/?page_id=1886"},"modified":"2025-06-03T16:27:56","modified_gmt":"2025-06-03T20:27:56","slug":"coordenacao-e-comissoes","status":"publish","type":"page","link":"http:\/\/ppgla.uea.edu.br\/pt_br\/?page_id=1886","title":{"rendered":"Coordena\u00e7\u00e3o e Comiss\u00f5es"},"content":{"rendered":"\n<h2 class=\"wp-block-heading\"><strong>Composi\u00e7\u00e3o do PPGLA BI\u00caNIO 2025-2027<\/strong><\/h2>\n\n\n\n<h2 class=\"wp-block-heading\"><strong>Coordena\u00e7\u00e3o <\/strong><\/h2>\n\n\n\n<p><em>Coordena\u00e7\u00e3o<br><\/em>Coordenador: M\u00e1rcio P\u00e1scoa<br>Vice-Coordenadora: Renata Rolon<\/p>\n\n\n\n<p><em>Conselho da coordena\u00e7\u00e3o<\/em><br>M\u00e1rcio P\u00e1scoa<br>Renata Rolon<br>Allison Le\u00e3o (membro)<br>Caroline Caregnato (membro)<br>Jo\u00e3o Paulo Alves (representante discente)<br>Luciane P\u00e1scoa (suplente)<\/p>\n\n\n\n<p><em>Comiss\u00e3o de Bolsas<\/em><br>M\u00e1rcio Leonel Farias Reis P\u00e1scoa (presidente)<br>Renata Rolon (vice-presidente)<br>Luciano Souto (membro)<br>Allison Le\u00e3o (membro)<br>Carlos Renato de Jesus (suplente)<\/p>\n\n\n\n<p><em>Comiss\u00e3o de Credenciamento e Recredenciamento<\/em><em><br><\/em>Luciane Viana Barros P\u00e1scoa (presidente)<br>Caroline Caregnato (membro)<br>Augusto Rodrigues (membro)<br>Allison Le\u00e3o (suplente)<\/p>\n\n\n\n<p><em>Comiss\u00e3o de internacionaliza\u00e7\u00e3o<\/em><br>Renata Rolon (presidente)<br>M\u00e1rcio P\u00e1scoa (membro)<br>Sheila Grillo (membro)<br>Leth\u00edcia Bernardino (representante discente)<br>Carlos Renato de Jesus (membro)<br>Fabio Ventura (suplente)<\/p>\n\n\n\n<p><em>Comiss\u00e3o de autoavalia\u00e7\u00e3o<\/em><br>M\u00e1rcio P\u00e1scoa (presidente)<br>Allison Le\u00e3o (membro)<br>Juciane Cavalheiro (membro)<br>Caroline Caregnato (membro)<br>Elaine Andreatta (membro)<br>Renata Rolon (membro)<br>Karen Cordeiro (membro t\u00e9cnico)<br>Thiago Roney (membro egresso)<br>Carlos Renato de Jesus (suplente)<\/p>\n\n\n\n<p><em>Secret\u00e1ria<br><\/em>Daize Rocha<\/p>\n\n\n\n<p><em>Bolsista de Apoio T\u00e9cnico<\/em><br>Karen Cordeiro<\/p>\n\n\n\n<p><em>Representa\u00e7\u00e3o Discente Mestrado<br><\/em>Davimar Nunes (titular)<br>Pricilla Conserva (suplente)<\/p>\n\n\n\n<p><em>Representa\u00e7\u00e3o Discente Doutorado<br><\/em>Jo\u00e3o Alves (titular)<br>Guilherme Monteiro (suplente)<\/p>\n\n\n\n<p><\/p>\n","protected":false},"excerpt":{"rendered":"<p>Composi\u00e7\u00e3o do PPGLA BI\u00caNIO 2025-2027 Coordena\u00e7\u00e3o Coordena\u00e7\u00e3oCoordenador: M\u00e1rcio P\u00e1scoaVice-Coordenadora: Renata Rolon Conselho da coordena\u00e7\u00e3oM\u00e1rcio P\u00e1scoaRenata RolonAllison Le\u00e3o (membro)Caroline Caregnato (membro)Jo\u00e3o Paulo Alves (representante discente)Luciane P\u00e1scoa (suplente) Comiss\u00e3o de BolsasM\u00e1rcio Leonel Farias Reis P\u00e1scoa (presidente)Renata Rolon (vice-presidente)Luciano Souto (membro)Allison Le\u00e3o (membro)Carlos Renato de Jesus (suplente) Comiss\u00e3o de Credenciamento e RecredenciamentoLuciane Viana [&hellip;]<\/p>\n","protected":false},"author":1,"featured_media":0,"parent":0,"menu_order":0,"comment_status":"closed","ping_status":"closed","template":"","meta":{"footnotes":""},"class_list":["post-1886","page","type-page","status-publish","hentry"],"_links":{"self":[{"href":"http:\/\/ppgla.uea.edu.br\/pt_br\/index.php?rest_route=\/wp\/v2\/pages\/1886","targetHints":{"allow":["GET"]}}],"collection":[{"href":"http:\/\/ppgla.uea.edu.br\/pt_br\/index.php?rest_route=\/wp\/v2\/pages"}],"about":[{"href":"http:\/\/ppgla.uea.edu.br\/pt_br\/index.php?rest_route=\/wp\/v2\/types\/page"}],"author":[{"embeddable":true,"href":"http:\/\/ppgla.uea.edu.br\/pt_br\/index.php?rest_route=\/wp\/v2\/users\/1"}],"replies":[{"embeddable":true,"href":"http:\/\/ppgla.uea.edu.br\/pt_br\/index.php?rest_route=%2Fwp%2Fv2%2Fcomments&post=1886"}],"version-history":[{"count":9,"href":"http:\/\/ppgla.uea.edu.br\/pt_br\/index.php?rest_route=\/wp\/v2\/pages\/1886\/revisions"}],"predecessor-version":[{"id":4263,"href":"http:\/\/ppgla.uea.edu.br\/pt_br\/index.php?rest_route=\/wp\/v2\/pages\/1886\/revisions\/4263"}],"wp:attachment":[{"href":"http:\/\/ppgla.uea.edu.br\/pt_br\/index.php?rest_route=%2Fwp%2Fv2%2Fmedia&parent=1886"}],"curies":[{"name":"wp","href":"https:\/\/api.w.org\/{rel}","templated":true}]}}