{"id":1921,"date":"2023-03-01T16:55:25","date_gmt":"2023-03-01T20:55:25","guid":{"rendered":"http:\/\/ppgla.uea.edu.br\/?page_id=1921"},"modified":"2025-06-06T16:24:09","modified_gmt":"2025-06-06T20:24:09","slug":"estrutura-curriculas","status":"publish","type":"page","link":"http:\/\/ppgla.uea.edu.br\/pt_br\/?page_id=1921","title":{"rendered":"Estrutura Curricular"},"content":{"rendered":"\n<h2 class=\"wp-block-heading\">Disciplinas Obrigat\u00f3rias<\/h2>\n\n\n\n<h4 class=\"wp-block-heading\">Exclusivas do Doutorado<\/h4>\n\n\n\n<div class=\"wp-block-file\"><a id=\"wp-block-file--media-6cd89ada-3681-4e94-9dce-734b6cef1be8\" href=\"http:\/\/ppgla.uea.edu.br\/wp-content\/uploads\/2025\/06\/Disciplinas-do-Doutorado-em-Letras-e-Artes-2025-1.pdf\">Semin\u00e1rio Avan\u00e7ado em Letras e Artes<\/a><a href=\"http:\/\/ppgla.uea.edu.br\/wp-content\/uploads\/2025\/06\/Disciplinas-do-Doutorado-em-Letras-e-Artes-2025-1.pdf\" class=\"wp-block-file__button wp-element-button\" download aria-describedby=\"wp-block-file--media-6cd89ada-3681-4e94-9dce-734b6cef1be8\">Baixar<\/a><\/div>\n\n\n\n<div class=\"wp-block-file\"><a id=\"wp-block-file--media-da59b0fc-44bc-4bb2-a2b8-b84c0df456e9\" href=\"http:\/\/ppgla.uea.edu.br\/wp-content\/uploads\/2025\/06\/Disciplinas-do-Doutorado-em-Letras-e-Artes-2025-3-3.pdf\">T\u00f3picos avan\u00e7ados em linguagem, discurso e pr\u00e1ticas sociais<\/a><a href=\"http:\/\/ppgla.uea.edu.br\/wp-content\/uploads\/2025\/06\/Disciplinas-do-Doutorado-em-Letras-e-Artes-2025-3-3.pdf\" class=\"wp-block-file__button wp-element-button\" download aria-describedby=\"wp-block-file--media-da59b0fc-44bc-4bb2-a2b8-b84c0df456e9\">Baixar<\/a><\/div>\n\n\n\n<div class=\"wp-block-file\"><a id=\"wp-block-file--media-63cbfbee-c47e-472f-b8b5-f6c49eaaa385\" href=\"http:\/\/ppgla.uea.edu.br\/wp-content\/uploads\/2025\/06\/Disciplinas-do-Doutorado-em-Letras-e-Artes-2025-2-1.pdf\">T\u00f3picos avan\u00e7ados em arquivo, mem\u00f3ria e interpreta\u00e7\u00e3o<\/a><a href=\"http:\/\/ppgla.uea.edu.br\/wp-content\/uploads\/2025\/06\/Disciplinas-do-Doutorado-em-Letras-e-Artes-2025-2-1.pdf\" class=\"wp-block-file__button wp-element-button\" download aria-describedby=\"wp-block-file--media-63cbfbee-c47e-472f-b8b5-f6c49eaaa385\">Baixar<\/a><\/div>\n\n\n\n<div class=\"wp-block-file\"><a id=\"wp-block-file--media-e9ef42a1-352a-4dca-acd5-917affc8a61f\" href=\"http:\/\/ppgla.uea.edu.br\/wp-content\/uploads\/2025\/06\/Disciplinas-do-Doutorado-em-Letras-e-Artes-2025-4.pdf\">T\u00f3picos avan\u00e7ados em teoria, cr\u00edtica e processos de cria\u00e7\u00e3o<\/a><a href=\"http:\/\/ppgla.uea.edu.br\/wp-content\/uploads\/2025\/06\/Disciplinas-do-Doutorado-em-Letras-e-Artes-2025-4.pdf\" class=\"wp-block-file__button wp-element-button\" download aria-describedby=\"wp-block-file--media-e9ef42a1-352a-4dca-acd5-917affc8a61f\">Baixar<\/a><\/div>\n\n\n\n<div class=\"wp-block-file\"><a id=\"wp-block-file--media-068e3fdf-e0fc-4c8d-b0a7-e8a081c5a846\" href=\"http:\/\/ppgla.uea.edu.br\/wp-content\/uploads\/2025\/06\/Disciplinas-do-Doutorado-em-Letras-e-Artes-2025-5.pdf\">Reda\u00e7\u00e3o de Tese I<\/a><a href=\"http:\/\/ppgla.uea.edu.br\/wp-content\/uploads\/2025\/06\/Disciplinas-do-Doutorado-em-Letras-e-Artes-2025-5.pdf\" class=\"wp-block-file__button wp-element-button\" download aria-describedby=\"wp-block-file--media-068e3fdf-e0fc-4c8d-b0a7-e8a081c5a846\">Baixar<\/a><\/div>\n\n\n\n<div class=\"wp-block-file\"><a id=\"wp-block-file--media-2935ec24-2688-4966-99a2-a63ca2441954\" href=\"http:\/\/ppgla.uea.edu.br\/wp-content\/uploads\/2025\/06\/Disciplinas-do-Doutorado-em-Letras-e-Artes-2025-6.pdf\">Reda\u00e7\u00e3o de Tese II<\/a><a href=\"http:\/\/ppgla.uea.edu.br\/wp-content\/uploads\/2025\/06\/Disciplinas-do-Doutorado-em-Letras-e-Artes-2025-6.pdf\" class=\"wp-block-file__button wp-element-button\" download aria-describedby=\"wp-block-file--media-2935ec24-2688-4966-99a2-a63ca2441954\">Baixar<\/a><\/div>\n\n\n\n<div class=\"wp-block-file\"><a id=\"wp-block-file--media-10143784-b00c-47d0-afe0-3c5e90184ef3\" href=\"http:\/\/ppgla.uea.edu.br\/wp-content\/uploads\/2025\/06\/Disciplinas-do-Doutorado-em-Letras-e-Artes-2025-7.pdf\">Reda\u00e7\u00e3o de Tese III<\/a><a href=\"http:\/\/ppgla.uea.edu.br\/wp-content\/uploads\/2025\/06\/Disciplinas-do-Doutorado-em-Letras-e-Artes-2025-7.pdf\" class=\"wp-block-file__button wp-element-button\" download aria-describedby=\"wp-block-file--media-10143784-b00c-47d0-afe0-3c5e90184ef3\">Baixar<\/a><\/div>\n\n\n\n<div class=\"wp-block-file\"><a id=\"wp-block-file--media-f9ed2f33-4666-4cac-8321-956b561aa391\" href=\"http:\/\/ppgla.uea.edu.br\/wp-content\/uploads\/2025\/06\/Disciplinas-do-Doutorado-em-Letras-e-Artes-2025-8.pdf\">Reda\u00e7\u00e3o de Tese IV<\/a><a href=\"http:\/\/ppgla.uea.edu.br\/wp-content\/uploads\/2025\/06\/Disciplinas-do-Doutorado-em-Letras-e-Artes-2025-8.pdf\" class=\"wp-block-file__button wp-element-button\" download aria-describedby=\"wp-block-file--media-f9ed2f33-4666-4cac-8321-956b561aa391\">Baixar<\/a><\/div>\n\n\n\n<div class=\"wp-block-file\"><a id=\"wp-block-file--media-a127bfa6-595c-4486-bc33-7cbb0b9b24b4\" href=\"http:\/\/ppgla.uea.edu.br\/wp-content\/uploads\/2025\/06\/Disciplinas-do-Doutorado-em-Letras-e-Artes-2025-9.pdf\">Reda\u00e7\u00e3o de Tese V<\/a><a href=\"http:\/\/ppgla.uea.edu.br\/wp-content\/uploads\/2025\/06\/Disciplinas-do-Doutorado-em-Letras-e-Artes-2025-9.pdf\" class=\"wp-block-file__button wp-element-button\" download aria-describedby=\"wp-block-file--media-a127bfa6-595c-4486-bc33-7cbb0b9b24b4\">Baixar<\/a><\/div>\n\n\n\n<div class=\"wp-block-file\"><a id=\"wp-block-file--media-526d87a7-e800-491b-8465-f01b9650446a\" href=\"http:\/\/ppgla.uea.edu.br\/wp-content\/uploads\/2025\/06\/Disciplinas-do-Doutorado-em-Letras-e-Artes-2025-10-1.pdf\">Reda\u00e7\u00e3o de Tese VI<\/a><a href=\"http:\/\/ppgla.uea.edu.br\/wp-content\/uploads\/2025\/06\/Disciplinas-do-Doutorado-em-Letras-e-Artes-2025-10-1.pdf\" class=\"wp-block-file__button wp-element-button\" download aria-describedby=\"wp-block-file--media-526d87a7-e800-491b-8465-f01b9650446a\">Baixar<\/a><\/div>\n\n\n\n<h4 class=\"wp-block-heading\">Exclusivas do Mestrado<\/h4>\n\n\n\n<div class=\"wp-block-file\"><a id=\"wp-block-file--media-c27a5b61-81f9-4f35-8f85-a6617189c611\" href=\"http:\/\/ppgla.uea.edu.br\/wp-content\/uploads\/2023\/03\/Seminario-de-Projetos-de-Pesquisa-I.pdf\">Semin\u00e1rio de Projetos de Pesquisa I<\/a><a href=\"http:\/\/ppgla.uea.edu.br\/wp-content\/uploads\/2023\/03\/Seminario-de-Projetos-de-Pesquisa-I.pdf\" class=\"wp-block-file__button wp-element-button\" download aria-describedby=\"wp-block-file--media-c27a5b61-81f9-4f35-8f85-a6617189c611\"><strong>Baixar<\/strong><\/a><\/div>\n\n\n\n<div class=\"wp-block-file\"><a id=\"wp-block-file--media-4d517078-1a9a-4fc6-ab57-5c1c7dfe76b5\" href=\"http:\/\/ppgla.uea.edu.br\/wp-content\/uploads\/2023\/03\/Seminario-de-Projetos-de-Pesquisa-II.pdf\">Semin\u00e1rio de Projetos de Pesquisa II<\/a><a href=\"http:\/\/ppgla.uea.edu.br\/wp-content\/uploads\/2023\/03\/Seminario-de-Projetos-de-Pesquisa-II.pdf\" class=\"wp-block-file__button wp-element-button\" download aria-describedby=\"wp-block-file--media-4d517078-1a9a-4fc6-ab57-5c1c7dfe76b5\"><strong>Baixar<\/strong><\/a><\/div>\n\n\n\n<div class=\"wp-block-file\"><a id=\"wp-block-file--media-8c7ce5ce-4a2c-4e46-ae2b-efa07f03b0d3\" href=\"http:\/\/ppgla.uea.edu.br\/wp-content\/uploads\/2023\/03\/Redacao-de-Dissertacao-I.pdf\">Reda\u00e7\u00e3o de Disserta\u00e7\u00e3o I<\/a><a href=\"http:\/\/ppgla.uea.edu.br\/wp-content\/uploads\/2023\/03\/Redacao-de-Dissertacao-I.pdf\" class=\"wp-block-file__button wp-element-button\" download aria-describedby=\"wp-block-file--media-8c7ce5ce-4a2c-4e46-ae2b-efa07f03b0d3\"><strong>Baixar<\/strong><\/a><\/div>\n\n\n\n<div class=\"wp-block-file\"><a id=\"wp-block-file--media-18691f11-0883-4e85-89c4-599c6b21c05d\" href=\"http:\/\/ppgla.uea.edu.br\/wp-content\/uploads\/2023\/03\/Redacao-de-dissertacao-II.pdf\">Reda\u00e7\u00e3o de disserta\u00e7\u00e3o II<\/a><a href=\"http:\/\/ppgla.uea.edu.br\/wp-content\/uploads\/2023\/03\/Redacao-de-dissertacao-II.pdf\" class=\"wp-block-file__button wp-element-button\" download aria-describedby=\"wp-block-file--media-18691f11-0883-4e85-89c4-599c6b21c05d\"><strong>Baixar<\/strong><\/a><\/div>\n\n\n\n<h2 class=\"wp-block-heading\">Disciplinas Eletivas <\/h2>\n\n\n\n<h4 class=\"wp-block-heading\"><strong>(Doutorado e Mestrado)<\/strong><\/h4>\n\n\n\n<div class=\"wp-block-file\"><a id=\"wp-block-file--media-68832ac8-0fcc-4917-9360-fc5d51df8b4d\" href=\"http:\/\/ppgla.uea.edu.br\/wp-content\/uploads\/2023\/03\/Fundamentos-em-Interpretacao-Musical.pdf\">Fundamentos em Interpreta\u00e7\u00e3o Musical<\/a><a href=\"http:\/\/ppgla.uea.edu.br\/wp-content\/uploads\/2023\/03\/Fundamentos-em-Interpretacao-Musical.pdf\" class=\"wp-block-file__button wp-element-button\" download aria-describedby=\"wp-block-file--media-68832ac8-0fcc-4917-9360-fc5d51df8b4d\"><strong>Baixar<\/strong><\/a><\/div>\n\n\n\n<div class=\"wp-block-file\"><a id=\"wp-block-file--media-fb41fdd3-24d2-4c57-8276-64306cfbd84b\" href=\"http:\/\/ppgla.uea.edu.br\/wp-content\/uploads\/2023\/03\/Fundamentos-em-teoria-e-analise-linguistica.pdf\">Fundamentos em teoria e an\u00e1lise lingu\u00edstica<\/a><a href=\"http:\/\/ppgla.uea.edu.br\/wp-content\/uploads\/2023\/03\/Fundamentos-em-teoria-e-analise-linguistica.pdf\" class=\"wp-block-file__button wp-element-button\" download aria-describedby=\"wp-block-file--media-fb41fdd3-24d2-4c57-8276-64306cfbd84b\"><strong>Baixar<\/strong><\/a><\/div>\n\n\n\n<div class=\"wp-block-file\"><a id=\"wp-block-file--media-669e8555-5666-4578-8105-9469536729a8\" href=\"http:\/\/ppgla.uea.edu.br\/wp-content\/uploads\/2023\/03\/Fundamentos-em-Teoria-e-Critica-da-Arte.pdf\">Fundamentos em Teoria e Cr\u00edtica da Arte<\/a><a href=\"http:\/\/ppgla.uea.edu.br\/wp-content\/uploads\/2023\/03\/Fundamentos-em-Teoria-e-Critica-da-Arte.pdf\" class=\"wp-block-file__button wp-element-button\" download aria-describedby=\"wp-block-file--media-669e8555-5666-4578-8105-9469536729a8\"><strong>Baixar<\/strong><\/a><\/div>\n\n\n\n<div class=\"wp-block-file\"><a id=\"wp-block-file--media-890361f3-2aa6-4bc5-83b7-1a05162d1289\" href=\"http:\/\/ppgla.uea.edu.br\/wp-content\/uploads\/2023\/03\/Fundamentos-em-teoria-e-critica-literaria.pdf\">Fundamentos em teoria e cr\u00edtica liter\u00e1ria<\/a><a href=\"http:\/\/ppgla.uea.edu.br\/wp-content\/uploads\/2023\/03\/Fundamentos-em-teoria-e-critica-literaria.pdf\" class=\"wp-block-file__button wp-element-button\" download aria-describedby=\"wp-block-file--media-890361f3-2aa6-4bc5-83b7-1a05162d1289\"><strong>Baixar<\/strong><\/a><\/div>\n\n\n\n<div class=\"wp-block-file\"><a id=\"wp-block-file--media-841e54a8-e874-4218-88f6-f0bb264ba819\" href=\"http:\/\/ppgla.uea.edu.br\/wp-content\/uploads\/2023\/03\/Topicos-especiais-em-analise-musical.pdf\">T\u00f3picos especiais em an\u00e1lise musical<\/a><a href=\"http:\/\/ppgla.uea.edu.br\/wp-content\/uploads\/2023\/03\/Topicos-especiais-em-analise-musical.pdf\" class=\"wp-block-file__button wp-element-button\" download aria-describedby=\"wp-block-file--media-841e54a8-e874-4218-88f6-f0bb264ba819\"><strong>Baixar<\/strong><\/a><\/div>\n\n\n\n<div class=\"wp-block-file\"><a id=\"wp-block-file--media-711feb4c-b12d-44ad-8742-20dfe47f491c\" href=\"http:\/\/ppgla.uea.edu.br\/wp-content\/uploads\/2023\/03\/Topicos-especiais-em-arte-e-cognicao.pdf\">T\u00f3picos especiais em arte e cogni\u00e7\u00e3o<\/a><a href=\"http:\/\/ppgla.uea.edu.br\/wp-content\/uploads\/2023\/03\/Topicos-especiais-em-arte-e-cognicao.pdf\" class=\"wp-block-file__button wp-element-button\" download aria-describedby=\"wp-block-file--media-711feb4c-b12d-44ad-8742-20dfe47f491c\"><strong>Baixar<\/strong><\/a><\/div>\n\n\n\n<div class=\"wp-block-file\"><a id=\"wp-block-file--media-c46e7b28-2caa-49b4-9e4c-81e94d236f88\" href=\"http:\/\/ppgla.uea.edu.br\/wp-content\/uploads\/2023\/03\/Topicos-especiais-em-Arte-e-Pos-modernidade.pdf\">T\u00f3picos especiais em Arte e P\u00f3s-modernidade<\/a><a href=\"http:\/\/ppgla.uea.edu.br\/wp-content\/uploads\/2023\/03\/Topicos-especiais-em-Arte-e-Pos-modernidade.pdf\" class=\"wp-block-file__button wp-element-button\" download aria-describedby=\"wp-block-file--media-c46e7b28-2caa-49b4-9e4c-81e94d236f88\"><strong>Baixar<\/strong><\/a><\/div>\n\n\n\n<div class=\"wp-block-file\"><a id=\"wp-block-file--media-3aee39d3-10b7-49a7-a600-67b36972295f\" href=\"http:\/\/ppgla.uea.edu.br\/wp-content\/uploads\/2023\/03\/Topicos-especiais-em-discurso-e-enunciacao.pdf\">T\u00f3picos especiais em discurso e enuncia\u00e7\u00e3o<\/a><a href=\"http:\/\/ppgla.uea.edu.br\/wp-content\/uploads\/2023\/03\/Topicos-especiais-em-discurso-e-enunciacao.pdf\" class=\"wp-block-file__button wp-element-button\" download aria-describedby=\"wp-block-file--media-3aee39d3-10b7-49a7-a600-67b36972295f\"><strong>Baixar<\/strong><\/a><\/div>\n\n\n\n<div class=\"wp-block-file\"><a id=\"wp-block-file--media-69674099-0599-4f09-b7a8-4cc7d7bc4f10\" href=\"http:\/\/ppgla.uea.edu.br\/wp-content\/uploads\/2023\/03\/Topicos-especiais-em-literatura-comparada.pdf\">T\u00f3picos especiais em literatura comparada<\/a><a href=\"http:\/\/ppgla.uea.edu.br\/wp-content\/uploads\/2023\/03\/Topicos-especiais-em-literatura-comparada.pdf\" class=\"wp-block-file__button wp-element-button\" download aria-describedby=\"wp-block-file--media-69674099-0599-4f09-b7a8-4cc7d7bc4f10\"><strong>Baixar<\/strong><\/a><\/div>\n\n\n\n<div class=\"wp-block-file\"><a id=\"wp-block-file--media-3cc076fa-c9d5-40e2-897e-b255d76d6e98\" href=\"http:\/\/ppgla.uea.edu.br\/wp-content\/uploads\/2025\/06\/Disciplina-Topicos-Especiais-em-Literatura-e-Historia.pdf\">To\u0301picos Especiais em Literatura e Histo\u0301ria<\/a><a href=\"http:\/\/ppgla.uea.edu.br\/wp-content\/uploads\/2025\/06\/Disciplina-Topicos-Especiais-em-Literatura-e-Historia.pdf\" class=\"wp-block-file__button wp-element-button\" download aria-describedby=\"wp-block-file--media-3cc076fa-c9d5-40e2-897e-b255d76d6e98\"><strong>Baixar<\/strong><\/a><\/div>\n\n\n\n<div class=\"wp-block-file\"><a id=\"wp-block-file--media-0792afac-fbe4-4ede-ac2b-dd1c34d1884f\" href=\"http:\/\/ppgla.uea.edu.br\/wp-content\/uploads\/2023\/03\/Topicos-especiais-de-Literaturas-Moderna-e-Contemporanea-1.pdf\">T\u00f3picos especiais de Literaturas Moderna e Contempor\u00e2nea<\/a><a href=\"http:\/\/ppgla.uea.edu.br\/wp-content\/uploads\/2023\/03\/Topicos-especiais-de-Literaturas-Moderna-e-Contemporanea-1.pdf\" class=\"wp-block-file__button wp-element-button\" download aria-describedby=\"wp-block-file--media-0792afac-fbe4-4ede-ac2b-dd1c34d1884f\"><strong>Baixar<\/strong><\/a><\/div>\n\n\n\n<div class=\"wp-block-file\"><a id=\"wp-block-file--media-63c4cac3-baad-49b6-8c88-ad0143e53b8c\" href=\"http:\/\/ppgla.uea.edu.br\/wp-content\/uploads\/2023\/03\/Topicos-especiais-em-retorica.pdf\">T\u00f3picos especiais em ret\u00f3rica<\/a><a href=\"http:\/\/ppgla.uea.edu.br\/wp-content\/uploads\/2023\/03\/Topicos-especiais-em-retorica.pdf\" class=\"wp-block-file__button wp-element-button\" download aria-describedby=\"wp-block-file--media-63c4cac3-baad-49b6-8c88-ad0143e53b8c\"><strong>Baixar<\/strong><\/a><\/div>\n\n\n\n<div class=\"wp-block-file\"><a id=\"wp-block-file--media-29bcd111-e0a4-455a-8a99-8b60bd2f538d\" href=\"http:\/\/ppgla.uea.edu.br\/wp-content\/uploads\/2023\/03\/Topicos-especiais-em-processos-de-criacao-estetica.pdf\">T\u00f3picos especiais em processos de cria\u00e7\u00e3o est\u00e9tica<\/a><a href=\"http:\/\/ppgla.uea.edu.br\/wp-content\/uploads\/2023\/03\/Topicos-especiais-em-processos-de-criacao-estetica.pdf\" class=\"wp-block-file__button wp-element-button\" download aria-describedby=\"wp-block-file--media-29bcd111-e0a4-455a-8a99-8b60bd2f538d\"><strong>Baixar<\/strong><\/a><\/div>\n\n\n\n<div class=\"wp-block-file\"><a id=\"wp-block-file--media-c1d7fd47-00af-4c13-a180-b5f3960dc61f\" href=\"http:\/\/ppgla.uea.edu.br\/wp-content\/uploads\/2023\/03\/Topicos-especiais-memoria-e-arquivos-da-arte-e-da-cultura-1.pdf\">T\u00f3picos especiais mem\u00f3ria e arquivos da arte e da cultura<\/a><a href=\"http:\/\/ppgla.uea.edu.br\/wp-content\/uploads\/2023\/03\/Topicos-especiais-memoria-e-arquivos-da-arte-e-da-cultura-1.pdf\" class=\"wp-block-file__button wp-element-button\" download aria-describedby=\"wp-block-file--media-c1d7fd47-00af-4c13-a180-b5f3960dc61f\"><strong>Baixar<\/strong><\/a><\/div>\n\n\n\n<h2 class=\"wp-block-heading\"><\/h2>\n","protected":false},"excerpt":{"rendered":"<p>Disciplinas Obrigat\u00f3rias Exclusivas do Doutorado Exclusivas do Mestrado Disciplinas Eletivas (Doutorado e Mestrado)<\/p>\n","protected":false},"author":1,"featured_media":0,"parent":0,"menu_order":0,"comment_status":"closed","ping_status":"closed","template":"","meta":{"footnotes":""},"class_list":["post-1921","page","type-page","status-publish","hentry"],"_links":{"self":[{"href":"http:\/\/ppgla.uea.edu.br\/pt_br\/index.php?rest_route=\/wp\/v2\/pages\/1921","targetHints":{"allow":["GET"]}}],"collection":[{"href":"http:\/\/ppgla.uea.edu.br\/pt_br\/index.php?rest_route=\/wp\/v2\/pages"}],"about":[{"href":"http:\/\/ppgla.uea.edu.br\/pt_br\/index.php?rest_route=\/wp\/v2\/types\/page"}],"author":[{"embeddable":true,"href":"http:\/\/ppgla.uea.edu.br\/pt_br\/index.php?rest_route=\/wp\/v2\/users\/1"}],"replies":[{"embeddable":true,"href":"http:\/\/ppgla.uea.edu.br\/pt_br\/index.php?rest_route=%2Fwp%2Fv2%2Fcomments&post=1921"}],"version-history":[{"count":35,"href":"http:\/\/ppgla.uea.edu.br\/pt_br\/index.php?rest_route=\/wp\/v2\/pages\/1921\/revisions"}],"predecessor-version":[{"id":4461,"href":"http:\/\/ppgla.uea.edu.br\/pt_br\/index.php?rest_route=\/wp\/v2\/pages\/1921\/revisions\/4461"}],"wp:attachment":[{"href":"http:\/\/ppgla.uea.edu.br\/pt_br\/index.php?rest_route=%2Fwp%2Fv2%2Fmedia&parent=1921"}],"curies":[{"name":"wp","href":"https:\/\/api.w.org\/{rel}","templated":true}]}}