{"id":3849,"date":"2025-02-11T10:56:52","date_gmt":"2025-02-11T14:56:52","guid":{"rendered":"http:\/\/ppgla.uea.edu.br\/?page_id=3849"},"modified":"2026-03-04T10:31:46","modified_gmt":"2026-03-04T14:31:46","slug":"matriculas","status":"publish","type":"page","link":"http:\/\/ppgla.uea.edu.br\/pt_br\/?page_id=3849","title":{"rendered":"Matr\u00edculas"},"content":{"rendered":"\n<div class=\"wp-block-file\"><a id=\"wp-block-file--media-5dbf273f-8fb8-463d-b86e-a6abda0675ac\" href=\"http:\/\/ppgla.uea.edu.br\/wp-content\/uploads\/2026\/02\/Documentos-necessarios-para-solicitacao-de-matriculas-ingressantes-2026-a-Formulario-de-matricula-devidamente-preenchido-disponibilizado-no-site-do-PPGLA-b-Comprovante-de-conclusao-de-curso.pdf\">Orienta\u00e7\u00f5es para matr\u00edcula de alunos regulares &#8211; veteranos e ingressantes &#8211; 2026.1<\/a><a href=\"http:\/\/ppgla.uea.edu.br\/wp-content\/uploads\/2026\/02\/Documentos-necessarios-para-solicitacao-de-matriculas-ingressantes-2026-a-Formulario-de-matricula-devidamente-preenchido-disponibilizado-no-site-do-PPGLA-b-Comprovante-de-conclusao-de-curso.pdf\" class=\"wp-block-file__button wp-element-button\" download aria-describedby=\"wp-block-file--media-5dbf273f-8fb8-463d-b86e-a6abda0675ac\">Baixar<\/a><\/div>\n\n\n\n<div class=\"wp-block-file\"><a id=\"wp-block-file--media-2787f702-3880-4233-bdf0-8950cb73f45b\" href=\"http:\/\/ppgla.uea.edu.br\/wp-content\/uploads\/2026\/02\/DOCUMENTOS-NECESSARIOS-PARA-SOLICITACAO-DE-MATRICULA-a-Formulario-de-matricula-devidamente-preenchido-disponivelnosite-do-programa-b-Comprovante-de-conclusao-de-curso-de-mestrado-e-ou-doutora-1-1.pdf\">Orientac\u0327o\u0303es para matri\u0301cula aluno especial &#8211; mestrado e doutorado &#8211; 2026.1<\/a><a href=\"http:\/\/ppgla.uea.edu.br\/wp-content\/uploads\/2026\/02\/DOCUMENTOS-NECESSARIOS-PARA-SOLICITACAO-DE-MATRICULA-a-Formulario-de-matricula-devidamente-preenchido-disponivelnosite-do-programa-b-Comprovante-de-conclusao-de-curso-de-mestrado-e-ou-doutora-1-1.pdf\" class=\"wp-block-file__button wp-element-button\" download aria-describedby=\"wp-block-file--media-2787f702-3880-4233-bdf0-8950cb73f45b\">Baixar<\/a><\/div>\n\n\n\n<p><br><strong>Formul\u00e1rios &#8211; Matr\u00edcula<\/strong><\/p>\n\n\n\n<div class=\"wp-block-file\"><a id=\"wp-block-file--media-c6647c53-cdf5-4565-95f1-7270dedfd5f9\" href=\"http:\/\/ppgla.uea.edu.br\/wp-content\/uploads\/2026\/02\/Formulario-de-matricula-atual-aluno-REGULAR-2026_1-atual-1.docx\">Formul\u00e1rio de matr\u00edcula &#8211; ALUNO REGULAR-2026_1<\/a><a href=\"http:\/\/ppgla.uea.edu.br\/wp-content\/uploads\/2026\/02\/Formulario-de-matricula-atual-aluno-REGULAR-2026_1-atual-1.docx\" class=\"wp-block-file__button wp-element-button\" download aria-describedby=\"wp-block-file--media-c6647c53-cdf5-4565-95f1-7270dedfd5f9\">Baixar<\/a><\/div>\n\n\n\n<div class=\"wp-block-file\"><a id=\"wp-block-file--media-c8bd641c-3301-4fe2-9f3c-e47b5bc5eea1\" href=\"http:\/\/ppgla.uea.edu.br\/wp-content\/uploads\/2026\/02\/Formulario-de-matricula-atual-aluno-ESPECIAL-2026_1-atual-2.docx\">Formul\u00e1rio de matr\u00edcula &#8211; ALUNO ESPECIAL-2026_1<\/a><a href=\"http:\/\/ppgla.uea.edu.br\/wp-content\/uploads\/2026\/02\/Formulario-de-matricula-atual-aluno-ESPECIAL-2026_1-atual-2.docx\" class=\"wp-block-file__button wp-element-button\" download aria-describedby=\"wp-block-file--media-c8bd641c-3301-4fe2-9f3c-e47b5bc5eea1\">Baixar<\/a><\/div>\n\n\n\n<div class=\"wp-block-file\"><a id=\"wp-block-file--media-86955cd8-471c-4a29-9578-fc618f846cae\" href=\"http:\/\/ppgla.uea.edu.br\/wp-content\/uploads\/2026\/03\/Disciplinas_2026.1_PPGLA.pdf\">Disciplinas_2026.1_PPGLA<\/a><a href=\"http:\/\/ppgla.uea.edu.br\/wp-content\/uploads\/2026\/03\/Disciplinas_2026.1_PPGLA.pdf\" class=\"wp-block-file__button wp-element-button\" download aria-describedby=\"wp-block-file--media-86955cd8-471c-4a29-9578-fc618f846cae\">Baixar<\/a><\/div>\n\n\n\n<p><\/p>\n\n\n\n<p>O Programa de P\u00f3s-gradua\u00e7\u00e3o em Letras e Artes divulga as informa\u00e7\u00f5es para a realiza\u00e7\u00e3o da matr\u00edcula do semestre 2026.1:<\/p>\n\n\n\n<p><strong>Per\u00edodo para realiza\u00e7\u00e3o da matr\u00edcula (alunos regulares veteranos e ingressantes):<\/strong>&nbsp;23 e 24 de fevereiro de 2026.<\/p>\n\n\n\n<p><strong>Previs\u00e3o para in\u00edcio do semestre:<\/strong>&nbsp;02 de mar\u00e7o de 2026.<\/p>\n\n\n\n<p><strong>DOCUMENTOS NECESS\u00c1RIOS PARA SOLICITA\u00c7\u00c3O DE MATR\u00cdCULA:<\/strong><strong><\/strong><\/p>\n\n\n\n<p>a) Formul\u00e1rio de matr\u00edcula devidamente preenchido (disponibilizado no site do PPGLA) \u2013 comum para todos os solicitantes;<\/p>\n\n\n\n<p>b) Comprovante de conclus\u00e3o de curso (de mestrado para doutorandos e de gradua\u00e7\u00e3o para mestrandos) \u2013 apenas para ingressantes 2026;<\/p>\n\n\n\n<p>c) Hist\u00f3rico Escolar (do curso de mestrado para doutorandos e de gradua\u00e7\u00e3o para mestrandos) \u2013 apenas para ingressantes 2026;<\/p>\n\n\n\n<p>d) C\u00f3pia dos documentos pessoais (RG, CPF, T\u00edtulo de Eleitor, Certid\u00e3o de nascimento ou casamento, Certificado de reservista) \u2013 apenas para ingressantes 2026;<\/p>\n\n\n\n<p>e) Duas fotos 3\u00d74 \u2013 apenas para ingressantes 2026;<\/p>\n\n\n\n<p>f) C\u00f3pia comprovante de resid\u00eancia \u2013 apenas para ingressantes 2026;<\/p>\n\n\n\n<p>g) Curr\u00edculo Lattes atualizado \u2013 comum para todos os solicitantes;<\/p>\n\n\n\n<p>h) Relat\u00f3rio semestral de atividades 2025.2 \u2013 apenas para alunos veteranos.<\/p>\n\n\n\n<p>A matr\u00edcula ser\u00e1 on-line e feita atrav\u00e9s do envio do formul\u00e1rio e documentos em arquivo \u00fanico, para o<\/p>\n\n\n\n<p>e-mail da secretaria do programa (<strong>sec-ppgla@uea.edu.br<\/strong>). A documenta\u00e7\u00e3o deve ser enviada em arquivo digital em formato pdf, em documento \u00fanico identificado com o nome do solicitante. Sendo necess\u00e1rio ainda, a entrega de todos os documentos impressos na primeira semana de aulas.<\/p>\n\n\n\n<p><strong>Rela\u00e7\u00e3o de orientadores para os ingressantes 2026.1 dispon\u00edvel em:<\/strong><\/p>\n\n\n\n<p><a href=\"https:\/\/ppgla.uea.edu.br\/pt_br\/?page_id=432\">https:\/\/ppgla.uea.edu.br\/pt_br\/?page_id=432<\/a><br><br><strong>Contato dos Docentes do PPGLA-UEA<\/strong>:<\/p>\n\n\n\n<p><a href=\"http:\/\/ppgla.uea.edu.br\/wp-content\/uploads\/2026\/02\/Contatos-docentes-PPGLA.pdf\">Contatos dos docentes PPGLA_2026.pdf<\/a><\/p>\n\n\n\n<p><strong>Formul\u00e1rio de matr\u00edcula:<\/strong><\/p>\n\n\n\n<p><a href=\"http:\/\/ppgla.uea.edu.br\/wp-content\/uploads\/2026\/02\/Formulario-de-matricula-atual-aluno-ESPECIAL-2026_1-atual-2.docx\">http:\/\/ppgla.uea.edu.br\/wp-content\/uploads\/2026\/02\/Formulario-de-matricula-atual-aluno-ESPECIAL-2026_1-atual-2.docx<\/a><\/p>\n\n\n\n<p><strong>Modelo do relat\u00f3rio de atividades:<\/strong><br><a href=\"http:\/\/ppgla.uea.edu.br\/wp-content\/uploads\/2024\/08\/Relatorio-Semestral-de-Atividades_2024-1.docx\">http:\/\/ppgla.uea.edu.br\/wp-content\/uploads\/2024\/08\/Relatorio-Semestral-de-Atividades_2024-1.docx<\/a><\/p>\n","protected":false},"excerpt":{"rendered":"<p>Formul\u00e1rios &#8211; Matr\u00edcula O Programa de P\u00f3s-gradua\u00e7\u00e3o em Letras e Artes divulga as informa\u00e7\u00f5es para a realiza\u00e7\u00e3o da matr\u00edcula do semestre 2026.1: Per\u00edodo para realiza\u00e7\u00e3o da matr\u00edcula (alunos regulares veteranos e ingressantes):&nbsp;23 e 24 de fevereiro de 2026. Previs\u00e3o para in\u00edcio do semestre:&nbsp;02 de mar\u00e7o de 2026. DOCUMENTOS NECESS\u00c1RIOS PARA [&hellip;]<\/p>\n","protected":false},"author":1,"featured_media":0,"parent":0,"menu_order":0,"comment_status":"closed","ping_status":"closed","template":"","meta":{"footnotes":""},"class_list":["post-3849","page","type-page","status-publish","hentry"],"_links":{"self":[{"href":"http:\/\/ppgla.uea.edu.br\/pt_br\/index.php?rest_route=\/wp\/v2\/pages\/3849","targetHints":{"allow":["GET"]}}],"collection":[{"href":"http:\/\/ppgla.uea.edu.br\/pt_br\/index.php?rest_route=\/wp\/v2\/pages"}],"about":[{"href":"http:\/\/ppgla.uea.edu.br\/pt_br\/index.php?rest_route=\/wp\/v2\/types\/page"}],"author":[{"embeddable":true,"href":"http:\/\/ppgla.uea.edu.br\/pt_br\/index.php?rest_route=\/wp\/v2\/users\/1"}],"replies":[{"embeddable":true,"href":"http:\/\/ppgla.uea.edu.br\/pt_br\/index.php?rest_route=%2Fwp%2Fv2%2Fcomments&post=3849"}],"version-history":[{"count":30,"href":"http:\/\/ppgla.uea.edu.br\/pt_br\/index.php?rest_route=\/wp\/v2\/pages\/3849\/revisions"}],"predecessor-version":[{"id":5181,"href":"http:\/\/ppgla.uea.edu.br\/pt_br\/index.php?rest_route=\/wp\/v2\/pages\/3849\/revisions\/5181"}],"wp:attachment":[{"href":"http:\/\/ppgla.uea.edu.br\/pt_br\/index.php?rest_route=%2Fwp%2Fv2%2Fmedia&parent=3849"}],"curies":[{"name":"wp","href":"https:\/\/api.w.org\/{rel}","templated":true}]}}