{"id":432,"date":"2021-03-12T16:01:41","date_gmt":"2021-03-12T20:01:41","guid":{"rendered":"http:\/\/ppgla.uea.edu.br\/?page_id=432"},"modified":"2026-02-20T15:12:10","modified_gmt":"2026-02-20T19:12:10","slug":"processo-seletivos","status":"publish","type":"page","link":"http:\/\/ppgla.uea.edu.br\/pt_br\/?page_id=432","title":{"rendered":"Processo Seletivo"},"content":{"rendered":"\n<p><strong>Sele\u00e7\u00e3o de Discentes para o Programa de P\u00f3s-Gradua\u00e7\u00e3o em Letras e Artes da Universidade do Estado do Amazonas<\/strong><br>O ingresso ao PPGLA \u00e9 anual e aberto a candidatos portadores de diploma reconhecido por \u00f3rg\u00e3o competente, nacionais ou estrangeiras, e far-se-\u00e1 mediante aprova\u00e7\u00e3o em processo seletivo p\u00fablico dos candidatos, obedecendo ao n\u00famero de vagas oferecidas conforme edital.<br>Para o ingresso no Mestrado Acad\u00eamico ser\u00e1 exig\u00edvel o diploma de curso superior. Tamb\u00e9m poder\u00e3o inscrever-se para a sele\u00e7\u00e3o no Mestrado Acad\u00eamico os alunos finalistas de curso superior reconhecido por \u00f3rg\u00e3o competente.<br>O aviso anual de sele\u00e7\u00e3o para ingresso no Mestrado dever\u00e1 ser publicado, indicando-se para cada um o n\u00famero de vagas fixado, prazo e local de inscri\u00e7\u00e3o e outras informa\u00e7\u00f5es de interesse do candidato.<br>A classifica\u00e7\u00e3o na sele\u00e7\u00e3o de Mestrado ser\u00e1 efetuada de acordo com a pontua\u00e7\u00e3o obtida pelos candidatos aprovados no processo seletivo at\u00e9 o limite de vagas oferecidas.<br>O processo seletivo consistir\u00e1 em avalia\u00e7\u00e3o dos curr\u00edculos dos candidatos, provas de conhecimentos, ao menos uma prova de profici\u00eancia em l\u00edngua estrangeira, portf\u00f3lio e\/ou anteprojeto, quando for o caso, e entrevista.<br>O aluno selecionado que n\u00e3o obtiver o conceito APROVADO em exame de profici\u00eancia em L\u00edngua Estrangeira ter\u00e1 que prestar novo exame at\u00e9 o final do primeiro semestre de ingresso.<br>A defini\u00e7\u00e3o das l\u00ednguas estrangeiras permitidas para a realiza\u00e7\u00e3o da prova de profici\u00eancia estar\u00e1 exposta no edital de sele\u00e7\u00e3o.<br><\/p>\n\n\n\n<div class=\"wp-block-file\"><a id=\"wp-block-file--media-58fb7b6d-f69a-403b-a5e4-609f07beec52\" href=\"http:\/\/ppgla.uea.edu.br\/wp-content\/uploads\/2026\/02\/Resultado-Final_Doutorado.Orient.pdf\">Rela\u00e7\u00e3o de Orientadores &#8211; Doutorado em Letras e Artes (PPGLA-UEA) &#8211; Ingresso 2026 &#8211; Edital N\u00ba 098\/2025 &#8211; GR\/UEA<\/a><\/div>\n\n\n\n<div class=\"wp-block-file\"><a id=\"wp-block-file--media-50e8f69c-763d-45f1-b5a2-c3745ce11520\" href=\"http:\/\/ppgla.uea.edu.br\/wp-content\/uploads\/2026\/02\/Resultado-Final_Mestrado_Orient.pdf\">Rela\u00e7\u00e3o de Orientadores &#8211; Mestrado em Letras e Artes (PPGLA-UEA) &#8211; Ingresso 2026 &#8211; Edital N\u00ba 098\/2025 &#8211; GR\/UEA<\/a><\/div>\n\n\n\n<p><a href=\"https:\/\/selecao2.uea.edu.br\/?dest=info&amp;selecao=12644\" target=\"_blank\" rel=\"noreferrer noopener\">Sele\u00e7\u00e3o de Doutorado em Letras e Artes (PPGLA-UEA) &#8211; Ingresso 2026 -Edital N\u00ba 098\/2025 &#8211; GR\/UEA<\/a><\/p>\n\n\n\n<p><a href=\"https:\/\/selecao2.uea.edu.br\/?dest=info&amp;selecao=12645\" target=\"_blank\" rel=\"noreferrer noopener\">Sele\u00e7\u00e3o de Mestrado em Letras e Artes (PPGLA-UEA) &#8211; Ingresso 2026 &#8211; Edital N\u00ba 098\/2025 &#8211; GR\/UEA\u00a0<\/a><\/p>\n\n\n\n<p><a href=\"https:\/\/selecao2.uea.edu.br\/?dest=info&amp;selecao=10826\" target=\"_blank\" rel=\"noreferrer noopener\">Edital de Sele\u00e7\u00e3o alunos regulares SEDUC &#8211; Edital N\u00ba 083.2024 &#8211; GR.UEA<\/a><\/p>\n\n\n\n<p><a href=\"https:\/\/selecao2.uea.edu.br\/?dest=info&amp;selecao=10786\">Sele\u00e7\u00e3o de Doutorado em Letras e Artes (PPGLA-UEA) &#8211; Ingresso 2025 &#8211; Edital N\u00ba 072 &#8211; GR\/UEA&nbsp;<\/a><\/p>\n\n\n\n<p><a href=\"https:\/\/selecao2.uea.edu.br\/?dest=info&amp;selecao=10785\">Sele\u00e7\u00e3o de Mestrado em Letras e Artes (PPGLA-UEA) &#8211; Ingresso 2025 &#8211; Edital N\u00ba 072 &#8211; GR\/UEA<\/a><\/p>\n\n\n\n<p><a href=\"https:\/\/selecao1.uea.edu.br\/?dest=info&amp;selecao=9525\">Sele\u00e7\u00e3o de Doutorado em Letras e Artes (PPGLA-UEA) &#8211; Ingresso 2024 &#8211; Edital N\u00ba 03\/2024 &#8211; GR\/UEA <\/a><\/p>\n\n\n\n<p><a href=\"https:\/\/selecao1.uea.edu.br\/?dest=info&amp;selecao=9243\">Sele\u00e7\u00e3o Mestrado em Letras e Artes (PPGLA-UEA) &#8211; Ingresso 2024 &#8211; Edital N\u00ba 127\/2023 &#8211; GR\/UEA <\/a><\/p>\n\n\n\n<p><a href=\"https:\/\/ppgla.uea.edu.br\/pt_br\/processo-seletivo-pos-doc\/\">Sele\u00e7\u00e3o P\u00f3s-doc<\/a><\/p>\n\n\n\n<p><a href=\"https:\/\/selecao1.uea.edu.br\/?dest=info&amp;selecao=7342\" target=\"_blank\" rel=\"noreferrer noopener\">Sele\u00e7\u00e3o Mestrado em Letras e Artes (PPGLA-UEA) &#8211; Ingresso 2023 &#8211; Edital N\u00ba139\/2022 &#8211; GR\/UEA<\/a><\/p>\n\n\n\n<p><a href=\"https:\/\/ppgla.uea.edu.br\/1589-2\/\">Sele\u00e7\u00e3o Mestrado em Letras e Artes (PPGLA-UEA) &#8211; Ingresso 2023<\/a><br><br><a href=\"http:\/\/ppgla.uea.edu.br\/?p=433\" data-type=\"URL\" data-id=\"http:\/\/ppgla.uea.edu.br\/?p=433\">Sele\u00e7\u00e3o Mestrado em Letras e Artes (PPGLA-UEA) &#8211; Ingresso 2022<\/a><\/p>\n\n\n\n<p><a href=\"https:\/\/ppgla.uea.edu.br\/selecao-de-mestrado-em-letras-e-artes-ppgla-uea-ingresso-2021\/\">Sele\u00e7\u00e3o Mestrado em Letras e Artes (PPGLA-UEA) &#8211; Ingresso 2021<\/a><\/p>\n\n\n\n<p><a href=\"https:\/\/ppgla.uea.edu.br\/selecao-de-mestrado-em-letras-e-artes-ppgla-uea-ingresso-2020\/\">Sele\u00e7\u00e3o Mestrado em Letras e Artes (PPGLA-UEA) &#8211; Ingresso 2020<\/a><\/p>\n\n\n\n<p><a href=\"https:\/\/ppgla.uea.edu.br\/selecao-de-mestrado-em-letras-e-artes-ppgla-uea-ingresso-2019\/\">Sele\u00e7\u00e3o de Mestrado em Letras e Artes (PPGLA-UEA) \u2013 Ingresso 2019<\/a><\/p>\n\n\n\n<p><a href=\"https:\/\/ppgla.uea.edu.br\/selecao-mestrado-em-letras-e-artes-ppgla-ingresso-2018\/\">Sele\u00e7\u00e3o Mestrado em Letras e Artes (PPGLA-UEA) \u2013 Ingresso 2018<\/a><\/p>\n\n\n\n<p><a href=\"https:\/\/ppgla.uea.edu.br\/selecao-mestrado-em-letras-e-artes-ppgla-uea-ingresso-2017\/\">Sele\u00e7\u00e3o Mestrado em Letras e Artes (PPGLA-UEA) &#8211; Ingresso 2017 <\/a><\/p>\n\n\n\n<p><a href=\"https:\/\/ppgla.uea.edu.br\/selecao-mestrado-em-letras-e-artes-ppgla-uea-ingresso-2016\/\">Sele\u00e7\u00e3o Mestrado em Letras e Artes (PPGLA-UEA) &#8211; Ingresso 2016<\/a><\/p>\n\n\n\n<p><a href=\"https:\/\/ppgla.uea.edu.br\/selecao-de-mestrado-em-letras-e-artes-ppgla-uea-ingresso-2015\/\">Sele\u00e7\u00e3o de Mestrado em Letras e Artes (PPGLA-UEA) &#8211; Ingresso 2015<\/a><\/p>\n\n\n\n<p><\/p>\n","protected":false},"excerpt":{"rendered":"<p>Sele\u00e7\u00e3o de Discentes para o Programa de P\u00f3s-Gradua\u00e7\u00e3o em Letras e Artes da Universidade do Estado do AmazonasO ingresso ao PPGLA \u00e9 anual e aberto a candidatos portadores de diploma reconhecido por \u00f3rg\u00e3o competente, nacionais ou estrangeiras, e far-se-\u00e1 mediante aprova\u00e7\u00e3o em processo seletivo p\u00fablico dos candidatos, obedecendo ao n\u00famero [&hellip;]<\/p>\n","protected":false},"author":1,"featured_media":0,"parent":0,"menu_order":0,"comment_status":"closed","ping_status":"closed","template":"","meta":{"footnotes":""},"class_list":["post-432","page","type-page","status-publish","hentry"],"_links":{"self":[{"href":"http:\/\/ppgla.uea.edu.br\/pt_br\/index.php?rest_route=\/wp\/v2\/pages\/432","targetHints":{"allow":["GET"]}}],"collection":[{"href":"http:\/\/ppgla.uea.edu.br\/pt_br\/index.php?rest_route=\/wp\/v2\/pages"}],"about":[{"href":"http:\/\/ppgla.uea.edu.br\/pt_br\/index.php?rest_route=\/wp\/v2\/types\/page"}],"author":[{"embeddable":true,"href":"http:\/\/ppgla.uea.edu.br\/pt_br\/index.php?rest_route=\/wp\/v2\/users\/1"}],"replies":[{"embeddable":true,"href":"http:\/\/ppgla.uea.edu.br\/pt_br\/index.php?rest_route=%2Fwp%2Fv2%2Fcomments&post=432"}],"version-history":[{"count":29,"href":"http:\/\/ppgla.uea.edu.br\/pt_br\/index.php?rest_route=\/wp\/v2\/pages\/432\/revisions"}],"predecessor-version":[{"id":5140,"href":"http:\/\/ppgla.uea.edu.br\/pt_br\/index.php?rest_route=\/wp\/v2\/pages\/432\/revisions\/5140"}],"wp:attachment":[{"href":"http:\/\/ppgla.uea.edu.br\/pt_br\/index.php?rest_route=%2Fwp%2Fv2%2Fmedia&parent=432"}],"curies":[{"name":"wp","href":"https:\/\/api.w.org\/{rel}","templated":true}]}}