{"id":446,"date":"2021-03-12T13:33:22","date_gmt":"2021-03-12T17:33:22","guid":{"rendered":"http:\/\/ppgla.uea.edu.br\/?page_id=446"},"modified":"2025-02-12T15:46:48","modified_gmt":"2025-02-12T19:46:48","slug":"formularios","status":"publish","type":"page","link":"http:\/\/ppgla.uea.edu.br\/pt_br\/?page_id=446","title":{"rendered":"Formul\u00e1rios"},"content":{"rendered":"\n<h2 class=\"wp-block-heading\"><strong>Formul\u00e1rio &#8211; Perfil Socioecon\u00f4mico <\/strong><\/h2>\n\n\n\n<p><strong>Perfil socioecon\u00f4mico discentes de mestrado<\/strong> <a href=\"https:\/\/docs.google.com\/forms\/d\/e\/1FAIpQLSfkDSjUyESahLk4CoJKsr8k6Or2gobP3T8MRv-go-9v6Wyx5w\/viewform?usp=sharing\" target=\"_blank\" rel=\"noreferrer noopener\">Clique aqui para acessar <\/a><br><strong>Perfil socioecon\u00f4mico discentes de doutorado<\/strong> <a href=\"https:\/\/docs.google.com\/forms\/d\/e\/1FAIpQLSeVjpgf3S9iqOY68AKTPirY7M4vvfAR7LT8eG9fBHRuWNitXQ\/viewform?usp=sharing\" target=\"_blank\" rel=\"noreferrer noopener\">Clique aqui para acessar <\/a><\/p>\n\n\n\n<h2 class=\"wp-block-heading\">Formul\u00e1rios &#8211; Relat\u00f3rios (Discentes)<\/h2>\n\n\n\n<div class=\"wp-block-file\"><a href=\"http:\/\/ppgla.uea.edu.br\/wp-content\/uploads\/2021\/06\/Formulario-Estagio-Docencia.pdf\" target=\"_blank\" rel=\"noreferrer noopener\"><a rel=\"noreferrer noopener\" target=\"_blank\" href=\"https:\/\/pos.uea.edu.br\/data\/area\/formulario\/download\/39-1.pdf\">Formul\u00e1rio \u2013 Est\u00e1gio Doc\u00eancia<\/a><\/a><\/div>\n\n\n\n<div class=\"wp-block-file\"><\/div>\n\n\n\n<div class=\"wp-block-file\"><a id=\"wp-block-file--media-b61c32b2-2be0-4781-a182-e2ac9c4cb61d\" href=\"http:\/\/ppgla.uea.edu.br\/wp-content\/uploads\/2023\/09\/Modelo-Relatorio-Circunstanciado-Qualificacao-PPGLA-UEA.docx\">Modelo de relat\u00f3rio circunstanciado<\/a><a href=\"http:\/\/ppgla.uea.edu.br\/wp-content\/uploads\/2023\/09\/Modelo-Relatorio-Circunstanciado-Qualificacao-PPGLA-UEA.docx\" class=\"wp-block-file__button wp-element-button\" download aria-describedby=\"wp-block-file--media-b61c32b2-2be0-4781-a182-e2ac9c4cb61d\">Baixar<\/a><\/div>\n\n\n\n<div class=\"wp-block-file\"><a id=\"wp-block-file--media-0a4cbd20-e5b8-41a8-a144-b3157728e9e5\" href=\"http:\/\/ppgla.uea.edu.br\/wp-content\/uploads\/2023\/09\/Modelo-Relatorio-Circunstanciado-Qualificacao-PPGLA-UEA.pdf\">Relat\u00f3rio circunstanciado<\/a><a href=\"http:\/\/ppgla.uea.edu.br\/wp-content\/uploads\/2023\/09\/Modelo-Relatorio-Circunstanciado-Qualificacao-PPGLA-UEA.pdf\" class=\"wp-block-file__button wp-element-button\" download aria-describedby=\"wp-block-file--media-0a4cbd20-e5b8-41a8-a144-b3157728e9e5\">Baixar<\/a><\/div>\n\n\n\n<div class=\"wp-block-file\"><a id=\"wp-block-file--media-b7fb13b9-0c55-448f-aa8b-b16f18c6d6e1\" href=\"http:\/\/ppgla.uea.edu.br\/wp-content\/uploads\/2024\/08\/Relatorio-Semestral-de-Atividades_2024-1.docx\">Relat\u00f3rio Semestral de Atividades<\/a><a href=\"http:\/\/ppgla.uea.edu.br\/wp-content\/uploads\/2024\/08\/Relatorio-Semestral-de-Atividades_2024-1.docx\" class=\"wp-block-file__button wp-element-button\" download aria-describedby=\"wp-block-file--media-b7fb13b9-0c55-448f-aa8b-b16f18c6d6e1\">Baixar<\/a><\/div>\n\n\n\n<hr class=\"wp-block-separator has-css-opacity\"\/>\n\n\n\n<h2 class=\"wp-block-heading\">Formul\u00e1rios &#8211; Relat\u00f3rios (Docentes)<\/h2>\n\n\n\n<div class=\"wp-block-file\"><a href=\"http:\/\/ppgla.uea.edu.br\/wp-content\/uploads\/2021\/06\/Formulario-Solicitacao-de-Defesa.pdf\" target=\"_blank\" rel=\"noreferrer noopener\"><a rel=\"noreferrer noopener\" target=\"_blank\" href=\"https:\/\/pos.uea.edu.br\/data\/area\/formulario\/download\/19-3.pdf\">Formul\u00e1rio \u2013 Solicita\u00e7\u00e3o de Defesa<\/a><\/a><\/div>\n\n\n\n<div class=\"wp-block-file\"><a href=\"http:\/\/ppgla.uea.edu.br\/wp-content\/uploads\/2021\/06\/Formulario-Solicitacao-de-Qualificacao.pdf\" target=\"_blank\" rel=\"noreferrer noopener\"><a rel=\"noreferrer noopener\" target=\"_blank\" href=\"https:\/\/pos.uea.edu.br\/data\/area\/formulario\/download\/19-2.pdf\">Formul\u00e1rio \u2013 Solicita\u00e7\u00e3o de Qualifica\u00e7\u00e3o<\/a><\/a><\/div>\n\n\n\n<hr class=\"wp-block-separator has-css-opacity\"\/>\n\n\n\n<h2 class=\"wp-block-heading\">Formul\u00e1rios &#8211; Solicita\u00e7\u00e3o de Diploma (Discentes)<\/h2>\n\n\n\n<div class=\"wp-block-file\"><a href=\"http:\/\/ppgla.uea.edu.br\/wp-content\/uploads\/2021\/06\/Declaracao-Orientador-Deposito-da-Dissertacao-versao-final.pdf\" target=\"_blank\" rel=\"noreferrer noopener\"><a rel=\"noreferrer noopener\" target=\"_blank\" href=\"https:\/\/pos.uea.edu.br\/data\/area\/formulario\/download\/40-1.pdf\">Declara\u00e7\u00e3o Orientador \u2013 Dep\u00f3sito da Disserta\u00e7\u00e3o (vers\u00e3o final)<\/a><\/a><\/div>\n\n\n\n<div class=\"wp-block-file\"><a id=\"wp-block-file--media-8b69a626-6be3-46da-a5ed-0a2a777d683d\" href=\"http:\/\/ppgla.uea.edu.br\/wp-content\/uploads\/2021\/06\/Formulario-Contagem-de-Creditos.pdf\" target=\"_blank\" rel=\"noreferrer noopener\">Formul\u00e1rio &#8211; Contagem de Cr\u00e9ditos<\/a><\/div>\n\n\n\n<div class=\"wp-block-file\"><a href=\"http:\/\/ppgla.uea.edu.br\/wp-content\/uploads\/2021\/06\/Formulario-Termo-de-Autorizacao-para-Publicacao-Digital.pdf\" target=\"_blank\" rel=\"noreferrer noopener\"><a rel=\"noreferrer noopener\" target=\"_blank\" href=\"https:\/\/pos.uea.edu.br\/data\/area\/formulario\/download\/40-3.pdf\">Formul\u00e1rio \u2013 Termo de Autoriza\u00e7\u00e3o para Publica\u00e7\u00e3o Digital<\/a><\/a><\/div>\n\n\n\n<div class=\"wp-block-file\"><a id=\"wp-block-file--media-51b3cb90-7285-4bda-b37c-d2237d9e90be\" href=\"http:\/\/ppgla.uea.edu.br\/wp-content\/uploads\/2021\/06\/Instrucoes-Versao-Digital-Final-da-Dissertacao.pdf\" target=\"_blank\" rel=\"noreferrer noopener\">Instru\u00e7\u00f5es &#8211; Vers\u00e3o Digital Final da Disserta\u00e7\u00e3o<\/a><\/div>\n","protected":false},"excerpt":{"rendered":"<p>Formul\u00e1rio &#8211; Perfil Socioecon\u00f4mico Perfil socioecon\u00f4mico discentes de mestrado Clique aqui para acessar Perfil socioecon\u00f4mico discentes de doutorado Clique aqui para acessar Formul\u00e1rios &#8211; Relat\u00f3rios (Discentes) Formul\u00e1rios &#8211; Relat\u00f3rios (Docentes) Formul\u00e1rios &#8211; Solicita\u00e7\u00e3o de Diploma (Discentes)<\/p>\n","protected":false},"author":1,"featured_media":0,"parent":0,"menu_order":0,"comment_status":"closed","ping_status":"closed","template":"","meta":{"footnotes":""},"class_list":["post-446","page","type-page","status-publish","hentry"],"_links":{"self":[{"href":"http:\/\/ppgla.uea.edu.br\/pt_br\/index.php?rest_route=\/wp\/v2\/pages\/446","targetHints":{"allow":["GET"]}}],"collection":[{"href":"http:\/\/ppgla.uea.edu.br\/pt_br\/index.php?rest_route=\/wp\/v2\/pages"}],"about":[{"href":"http:\/\/ppgla.uea.edu.br\/pt_br\/index.php?rest_route=\/wp\/v2\/types\/page"}],"author":[{"embeddable":true,"href":"http:\/\/ppgla.uea.edu.br\/pt_br\/index.php?rest_route=\/wp\/v2\/users\/1"}],"replies":[{"embeddable":true,"href":"http:\/\/ppgla.uea.edu.br\/pt_br\/index.php?rest_route=%2Fwp%2Fv2%2Fcomments&post=446"}],"version-history":[{"count":58,"href":"http:\/\/ppgla.uea.edu.br\/pt_br\/index.php?rest_route=\/wp\/v2\/pages\/446\/revisions"}],"predecessor-version":[{"id":3868,"href":"http:\/\/ppgla.uea.edu.br\/pt_br\/index.php?rest_route=\/wp\/v2\/pages\/446\/revisions\/3868"}],"wp:attachment":[{"href":"http:\/\/ppgla.uea.edu.br\/pt_br\/index.php?rest_route=%2Fwp%2Fv2%2Fmedia&parent=446"}],"curies":[{"name":"wp","href":"https:\/\/api.w.org\/{rel}","templated":true}]}}