{"id":4515,"date":"2025-06-26T08:46:30","date_gmt":"2025-06-26T12:46:30","guid":{"rendered":"http:\/\/ppgla.uea.edu.br\/?page_id=4515"},"modified":"2025-06-26T09:05:47","modified_gmt":"2025-06-26T13:05:47","slug":"fichas-sucupira-2","status":"publish","type":"page","link":"http:\/\/ppgla.uea.edu.br\/pt_br\/?page_id=4515","title":{"rendered":"Fichas Sucupira"},"content":{"rendered":"\n<p><br>O envio das fichas Sucupira deve ser feito para o endere\u00e7o de e-mail <strong>ppgla.sucupira@gmail.com<\/strong><\/p>\n\n\n\n<p><a href=\"https:\/\/docs.google.com\/document\/d\/1i_iFEAD0Q5yNcflyhdS0DMXostxm6WCE\/edit?usp=share_link&amp;ouid=104567569432565021745&amp;rtpof=true&amp;sd=true\" target=\"_blank\" rel=\"noreferrer noopener\"><strong>Instru\u00e7\u00f5es para o preenchimento<\/strong> CLIQUE AQUI <\/a><\/p>\n\n\n\n<p><strong>A &#8211; Produ\u00e7\u00e3o Art\u00edstica<\/strong><\/p>\n\n\n\n<p><a href=\"https:\/\/docs.google.com\/document\/d\/1WNquygLXFsoYdmXWp_Zbkr6GXQ6cR4Cg\/edit?usp=share_link&amp;ouid=104567569432565021745&amp;rtpof=true&amp;sd=true\">ART1- Outras produ\u00e7\u00f5es<\/a><br><a href=\"https:\/\/docs.google.com\/document\/d\/1RDg4-JGecv4X52IzStOls3gfOmyhxAqr\/edit?usp=share_link&amp;ouid=104567569432565021745&amp;rtpof=true&amp;sd=true\" target=\"_blank\" rel=\"noreferrer noopener\">ART2 &#8211; M\u00fasica<\/a><br><a href=\"https:\/\/docs.google.com\/document\/d\/1xshV2Umx5ibh5DPAzO-EEtfEYg8T0FUQ\/edit?usp=share_link&amp;ouid=104567569432565021745&amp;rtpof=true&amp;sd=true\">ART3 &#8211; Artes C\u00eanicas<\/a><br><a href=\"https:\/\/docs.google.com\/document\/d\/1Jto3uuRqEthDO75qxV1acSyW2SYf-Vn9\/edit?usp=share_link&amp;ouid=104567569432565021745&amp;rtpof=true&amp;sd=true\">ART4 &#8211; Artes Visuais<\/a><br><br><strong>B &#8211; Produ\u00e7\u00e3o Bibliogr\u00e1fica<\/strong><br><br><a href=\"https:\/\/docs.google.com\/document\/d\/19q0pEENfzx1uw1K0vvIpvKlx90BYpoaf\/edit?usp=share_link&amp;ouid=104567569432565021745&amp;rtpof=true&amp;sd=true\">BBL1 &#8211; Livro<\/a><br><a href=\"https:\/\/docs.google.com\/document\/d\/1Jh_8TuJxuRdFzsrzZv-w7TgBUnTzMcvR\/edit?usp=share_link&amp;ouid=104567569432565021745&amp;rtpof=true&amp;sd=true\">BBL2 &#8211; Artigo em peri\u00f3dico (revista cient\u00edfica)<\/a><br><a href=\"https:\/\/docs.google.com\/document\/d\/1A_pxuNuYfv4ZnOZjZxG3LFs0khFYl3kB\/edit?usp=share_link&amp;ouid=104567569432565021745&amp;rtpof=true&amp;sd=true\">BBL3 &#8211; Tradu\u00e7\u00e3o<\/a><br><a href=\"https:\/\/docs.google.com\/document\/d\/1TRmzHZ4kDQ270BPclXOC3ZBBCYA6yGf-\/edit?usp=share_link&amp;ouid=104567569432565021745&amp;rtpof=true&amp;sd=true\">BBL4 &#8211; Trabalho em anais<\/a><br><a href=\"https:\/\/docs.google.com\/document\/d\/1KwVNV-R6fdKJELfqwkCbD_Qu7FArCcTn\/edit?usp=share_link&amp;ouid=104567569432565021745&amp;rtpof=true&amp;sd=true\">BBL5 &#8211; Jornal de circula\u00e7\u00e3o<\/a><br><a href=\"https:\/\/docs.google.com\/document\/d\/1SF22F4NM4ieFFKJkMEMlEKdKsmi930MV\/edit?usp=share_link&amp;ouid=104567569432565021745&amp;rtpof=true&amp;sd=true\">BBL6 &#8211; Partitura Musical<\/a><br><a href=\"https:\/\/docs.google.com\/document\/d\/1nAkeak_pL65yKjbKYzrytqtsMfgS4dW0tzjuoLmdpSY\/edit?usp=share_link\">BBL7 &#8211; Outros<\/a><\/p>\n\n\n\n<p><strong>T &#8211; Produ\u00e7\u00e3o T\u00e9cnica<\/strong><br><br><a href=\"https:\/\/docs.google.com\/document\/d\/13BwggkXpBHHdXiLs1aiyIUZkRztiHatV\/edit?usp=share_link&amp;ouid=104567569432565021745&amp;rtpof=true&amp;sd=true\">TEC1 &#8211; Apresenta\u00e7\u00e3o de trabalho<\/a><br><a href=\"https:\/\/docs.google.com\/document\/d\/1ML8NqgZDyTo3U5OHQ5dFoU0Mkq68Lse2\/edit?usp=drive_link&amp;ouid=104567569432565021745&amp;rtpof=true&amp;sd=true\">TEC2 &#8211; Curso de curta dura\u00e7\u00e3o ministrado<\/a><br><a href=\"https:\/\/docs.google.com\/document\/d\/1pLwlV3wQ_j0Z2ba7-sFoBwSF4mjkIN9n\/edit?usp=sharing&amp;ouid=104567569432565021745&amp;rtpof=true&amp;sd=true\">TEC3 &#8211; Desenvolvimento de aplicativo<br><\/a><a href=\"https:\/\/docs.google.com\/document\/d\/1U0niCAM6SPwOOndTbycWC2DqG98A_46o\/edit?usp=share_link&amp;ouid=104567569432565021745&amp;rtpof=true&amp;sd=true\">TEC4 &#8211; Desenvolvimento de produto<\/a><br><a href=\"https:\/\/docs.google.com\/document\/d\/1siejmQitSJr6LRZsqK83Ud0cXNMxTMY0\/edit?usp=share_link&amp;ouid=104567569432565021745&amp;rtpof=true&amp;sd=true\">TEC5 &#8211; Desenvolvimento de t\u00e9cnica<\/a><br><a href=\"https:\/\/docs.google.com\/document\/d\/1VazWkje45_ICWN-Kruj-XbSiWgRzNUZK\/edit?usp=share_link&amp;ouid=104567569432565021745&amp;rtpof=true&amp;sd=true\">TEC6 &#8211; Desenvolvimento de material did\u00e1tico e instrucional<\/a><br><a href=\"https:\/\/docs.google.com\/document\/d\/1bzwBEnKsYbLd2-v2HJbvf1rYlGzyo8cn\/edit?usp=share_link&amp;ouid=104567569432565021745&amp;rtpof=true&amp;sd=true\">TEC7 &#8211; Editoria<\/a><br><a href=\"https:\/\/docs.google.com\/document\/d\/1D9zGaFv3MiNRtTFHqsZLsZFEbsUxq95t\/edit?usp=share_link&amp;ouid=104567569432565021745&amp;rtpof=true&amp;sd=true\">TEC8 &#8211; Manuten\u00e7\u00e3o de obra art\u00edstica<\/a><br><a href=\"https:\/\/docs.google.com\/document\/d\/1hQf8OORTxHgPgHDnSlfJd-_oBf-95afH\/edit?usp=share_link&amp;ouid=104567569432565021745&amp;rtpof=true&amp;sd=true\">TEC9 &#8211; Maquete<\/a><br><a href=\"https:\/\/docs.google.com\/document\/d\/1ksYrxdSPJ9JphwPs8Rn_04Wnde7V9XiK\/edit?usp=share_link&amp;ouid=104567569432565021745&amp;rtpof=true&amp;sd=true\">TEC10 &#8211; Organiza\u00e7\u00e3o de evento<\/a><br><a href=\"https:\/\/docs.google.com\/document\/d\/1QRHo8zddgax7KH97BUJNyDzT8JjXmPSz\/edit?usp=share_link&amp;ouid=104567569432565021745&amp;rtpof=true&amp;sd=true\">TEC11 &#8211; Programa de r\u00e1dio e TV<\/a><br><a href=\"https:\/\/docs.google.com\/document\/d\/13SCyXBL-Lm2JMk0-KHugXN4eECOX9j59\/edit?usp=share_link&amp;ouid=104567569432565021745&amp;rtpof=true&amp;sd=true\">TEC12 &#8211; Relat\u00f3rio de pesquisa<\/a><br><a href=\"https:\/\/docs.google.com\/document\/d\/1xCjqt5vn0GNFEI7J9qBzceYr4AUwJU_w\/edit?usp=share_link&amp;ouid=104567569432565021745&amp;rtpof=true&amp;sd=true\">TEC13 &#8211; Servi\u00e7os t\u00e9cnicos<\/a><br><a href=\"https:\/\/docs.google.com\/document\/d\/1XlUtjndrhaSA1ZCL2rK8Czu1bXf1_O6k\/edit?usp=share_link&amp;ouid=104567569432565021745&amp;rtpof=true&amp;sd=true\">TEC14 &#8211;  Carta, mapas e similares<\/a><br><a href=\"https:\/\/docs.google.com\/document\/d\/1PaSAw6AU64y4-bd4TrIJwUKGBwzUFUmK\/edit?usp=share_link&amp;ouid=104567569432565021745&amp;rtpof=true&amp;sd=true\">TEC15 &#8211; Outro<\/a><\/p>\n","protected":false},"excerpt":{"rendered":"<p>O envio das fichas Sucupira deve ser feito para o endere\u00e7o de e-mail ppgla.sucupira@gmail.com Instru\u00e7\u00f5es para o preenchimento CLIQUE AQUI A &#8211; Produ\u00e7\u00e3o Art\u00edstica ART1- Outras produ\u00e7\u00f5esART2 &#8211; M\u00fasicaART3 &#8211; Artes C\u00eanicasART4 &#8211; Artes Visuais B &#8211; Produ\u00e7\u00e3o Bibliogr\u00e1fica BBL1 &#8211; LivroBBL2 &#8211; Artigo em peri\u00f3dico (revista cient\u00edfica)BBL3 &#8211; Tradu\u00e7\u00e3oBBL4 [&hellip;]<\/p>\n","protected":false},"author":1,"featured_media":0,"parent":0,"menu_order":0,"comment_status":"closed","ping_status":"closed","template":"","meta":{"footnotes":""},"class_list":["post-4515","page","type-page","status-publish","hentry"],"_links":{"self":[{"href":"http:\/\/ppgla.uea.edu.br\/pt_br\/index.php?rest_route=\/wp\/v2\/pages\/4515","targetHints":{"allow":["GET"]}}],"collection":[{"href":"http:\/\/ppgla.uea.edu.br\/pt_br\/index.php?rest_route=\/wp\/v2\/pages"}],"about":[{"href":"http:\/\/ppgla.uea.edu.br\/pt_br\/index.php?rest_route=\/wp\/v2\/types\/page"}],"author":[{"embeddable":true,"href":"http:\/\/ppgla.uea.edu.br\/pt_br\/index.php?rest_route=\/wp\/v2\/users\/1"}],"replies":[{"embeddable":true,"href":"http:\/\/ppgla.uea.edu.br\/pt_br\/index.php?rest_route=%2Fwp%2Fv2%2Fcomments&post=4515"}],"version-history":[{"count":5,"href":"http:\/\/ppgla.uea.edu.br\/pt_br\/index.php?rest_route=\/wp\/v2\/pages\/4515\/revisions"}],"predecessor-version":[{"id":4521,"href":"http:\/\/ppgla.uea.edu.br\/pt_br\/index.php?rest_route=\/wp\/v2\/pages\/4515\/revisions\/4521"}],"wp:attachment":[{"href":"http:\/\/ppgla.uea.edu.br\/pt_br\/index.php?rest_route=%2Fwp%2Fv2%2Fmedia&parent=4515"}],"curies":[{"name":"wp","href":"https:\/\/api.w.org\/{rel}","templated":true}]}}