{"id":4523,"date":"2025-06-26T15:29:01","date_gmt":"2025-06-26T19:29:01","guid":{"rendered":"http:\/\/ppgla.uea.edu.br\/?page_id=4523"},"modified":"2025-06-26T15:31:10","modified_gmt":"2025-06-26T19:31:10","slug":"processo-de-autoavaliacao","status":"publish","type":"page","link":"http:\/\/ppgla.uea.edu.br\/pt_br\/?page_id=4523","title":{"rendered":"Autoavalia\u00e7\u00e3o"},"content":{"rendered":"\n<p><strong>Autoavalia\u00e7\u00e3o PPGLA<\/strong><\/p>\n\n\n\n<p><br>O processo de Autoavalia\u00e7\u00e3o, utilizado pelo Programa de P\u00f3s-Gradua\u00e7\u00e3o em Letras e Artes segue as recomenda\u00e7\u00f5es propostas no relat\u00f3rio do grupo de trabalho CAPES (2019), que instituem que a Autoavalia\u00e7\u00e3o de Programas de P\u00f3s-Gradua\u00e7\u00e3o devem prever:<br>\u00ba O Monitoramento da qualidade do programa e seu processo formativo;<br>\u00ba A produ\u00e7\u00e3o de conhecimento: atua\u00e7\u00e3o e impacto pol\u00edtico, educacional, econ\u00f4mico e social.<\/p>\n\n\n\n<p>A autoavalia\u00e7\u00e3o do PPGLA-UEA ocorre desde 2018, antes mesmo de se tornar uma sugest\u00e3o da CAPES. Em 2020, a autoavalia\u00e7\u00e3o foi transformada em pr\u00e1tica regulamentada pela Universidade do Estado do Amazonas, atrav\u00e9s da Resolu\u00e7\u00e3o N\u00ba 338\/2020-GR\/UEA, publicada em Di\u00e1rio Oficial do Estado.<\/p>\n\n\n\n<p>A comiss\u00e3o de autoavalia\u00e7\u00e3o do Programa de P\u00f3s-gradua\u00e7\u00e3o em Letras e Artes, no decorrer quadri\u00eanio 2021 \u2013 2024, atuou conjuntamente com a coordena\u00e7\u00e3o, corpo docente, corpo t\u00e9cnico e corpo discente para avaliar estrutura, a\u00e7\u00f5es, estrat\u00e9gias e metas que objetivam promover a melhoria da oferta educacional realizada pelo Programa e o desenvolvimento do projeto de verticaliza\u00e7\u00e3o (abertura de doutorado).<\/p>\n\n\n\n<p>Nesse sentido, a Comiss\u00e3o atuou de forma cont\u00ednua na consecu\u00e7\u00e3o do planejamento estrat\u00e9gico do Programa, em articula\u00e7\u00e3o com a coordena\u00e7\u00e3o, o colegiado e os grupos de trabalho constitu\u00eddos para temas espec\u00edficos \u2014 como internacionaliza\u00e7\u00e3o, visibilidade, inser\u00e7\u00e3o social e acompanhamento de egressos. Essas inst\u00e2ncias, compostas por representantes do corpo docente, t\u00e9cnico e discente, foram essenciais para o funcionamento do Programa.<br>O IV Semin\u00e1rio de Autoavalia\u00e7\u00e3o do PPGLA, acontecido em 2024, teve seus resultados discutidos no I Semin\u00e1rio Geral de Autoavalia\u00e7\u00e3o dos Cursos de P\u00f3s-Gradua\u00e7\u00e3o da UEA.<\/p>\n\n\n\n<div class=\"wp-block-file has-white-background-color has-background\" style=\"border-style:none;border-width:0px;padding-top:0;padding-bottom:0\"><a id=\"wp-block-file--media-cde521bd-a6e9-455e-9ba3-2cfc2a6aa4c7\" href=\"http:\/\/ppgla.uea.edu.br\/wp-content\/uploads\/2025\/06\/Relatorio-de-autoavaliacao_2021-2024.pdf\">Relato\u0301rio de autoavaliac\u0327a\u0303o_2021-2024<\/a><a href=\"http:\/\/ppgla.uea.edu.br\/wp-content\/uploads\/2025\/06\/Relatorio-de-autoavaliacao_2021-2024.pdf\" class=\"wp-block-file__button wp-element-button\" download aria-describedby=\"wp-block-file--media-cde521bd-a6e9-455e-9ba3-2cfc2a6aa4c7\">Baixar<\/a><\/div>\n\n\n\n<h2 class=\"wp-block-heading\">Membros da Comiss\u00e3o de Autoavalia\u00e7\u00e3o (2025-2029):<\/h2>\n\n\n\n<p>M\u00e1rcio P\u00e1scoa (presidente)<br>Allison Le\u00e3o (membro)<br>Juciane Cavalheiro (membro)<br>Caroline Caregnato (membro)<br>Elaine Andreatta (membro)<br>Renata Rolon (membro)<br>Karen Cordeiro (membro t\u00e9cnico)<br>Thiago Roney (membro egresso)<br>Carlos Renato de Jesus (suplente)<\/p>\n\n\n\n<div class=\"wp-block-file\"><a id=\"wp-block-file--media-0419ab87-e1bd-4421-9dec-5a1646c079a0\" href=\"http:\/\/ppgla.uea.edu.br\/wp-content\/uploads\/2025\/06\/01.02.011304.008444_2025_40_Portaria-de-Autoavaliacao.pdf\">PORTARIA N\u00ba 227\/2025 &#8211; GR\/UEA_Portaria de Autoavaliac\u0327a\u0303o (2025-2029)<\/a><a href=\"http:\/\/ppgla.uea.edu.br\/wp-content\/uploads\/2025\/06\/01.02.011304.008444_2025_40_Portaria-de-Autoavaliacao.pdf\" class=\"wp-block-file__button wp-element-button\" download aria-describedby=\"wp-block-file--media-0419ab87-e1bd-4421-9dec-5a1646c079a0\">Baixar<\/a><\/div>\n\n\n\n<div class=\"wp-block-file\"><a id=\"wp-block-file--media-f7966e07-338a-4daf-8866-bea32986553b\" href=\"http:\/\/ppgla.uea.edu.br\/wp-content\/uploads\/2022\/05\/Resolucao-Geral-de-Comissao-de-Autoavaliacao-PPGLA.pdf\">Resolu\u00e7\u00e3o Geral de Comiss\u00e3o de Autoavalia\u00e7\u00e3o<\/a><a href=\"http:\/\/ppgla.uea.edu.br\/wp-content\/uploads\/2022\/05\/Resolucao-Geral-de-Comissao-de-Autoavaliacao-PPGLA.pdf\" class=\"wp-block-file__button wp-element-button\" download aria-describedby=\"wp-block-file--media-f7966e07-338a-4daf-8866-bea32986553b\">Baixar<\/a><\/div>\n\n\n\n<p class=\"has-small-font-size\"><\/p>\n\n\n\n<div class=\"wp-block-columns is-layout-flex wp-container-core-columns-is-layout-28f84493 wp-block-columns-is-layout-flex\">\n<div class=\"wp-block-column is-layout-flow wp-block-column-is-layout-flow\" style=\"flex-basis:100%\">\n<p><strong>Formul\u00e1rios de autoavalia\u00e7\u00e3o<\/strong><br><a href=\"https:\/\/forms.gle\/eyjf1R5tdn1GQmDN6\">Autoavalia\u00e7\u00e3o Egressos<\/a><br><a href=\"https:\/\/forms.gle\/Gh8FPtc7kkeSWKa47\">Autoavalia\u00e7\u00e3o Discentes<\/a><br><a href=\"https:\/\/forms.gle\/d5ZdZeqLQFNxdiHs7\">Autoavalia\u00e7\u00e3o Docentes<\/a><\/p>\n<\/div>\n<\/div>\n\n\n\n<div class=\"wp-block-media-text alignfull is-stacked-on-mobile\"><figure class=\"wp-block-media-text__media\"><img loading=\"lazy\" decoding=\"async\" width=\"1024\" height=\"768\" src=\"http:\/\/ppgla.uea.edu.br\/wp-content\/uploads\/2025\/06\/WhatsApp-Image-2025-06-04-at-11.28.21-1024x768.jpeg\" alt=\"\" class=\"wp-image-4355 size-full\" srcset=\"http:\/\/ppgla.uea.edu.br\/wp-content\/uploads\/2025\/06\/WhatsApp-Image-2025-06-04-at-11.28.21-1024x768.jpeg 1024w, http:\/\/ppgla.uea.edu.br\/wp-content\/uploads\/2025\/06\/WhatsApp-Image-2025-06-04-at-11.28.21-300x225.jpeg 300w, http:\/\/ppgla.uea.edu.br\/wp-content\/uploads\/2025\/06\/WhatsApp-Image-2025-06-04-at-11.28.21-768x576.jpeg 768w, http:\/\/ppgla.uea.edu.br\/wp-content\/uploads\/2025\/06\/WhatsApp-Image-2025-06-04-at-11.28.21-16x12.jpeg 16w, http:\/\/ppgla.uea.edu.br\/wp-content\/uploads\/2025\/06\/WhatsApp-Image-2025-06-04-at-11.28.21.jpeg 1280w\" sizes=\"auto, (max-width: 1024px) 100vw, 1024px\" \/><\/figure><div class=\"wp-block-media-text__content\">\n<h2 class=\"wp-block-heading alignwide has-text-align-center\"><\/h2>\n\n\n\n<p>Na foto, o Prof Allison Le\u00e3o e equipe de autoavalia\u00e7\u00e3o apresentando o processo de autoavalia\u00e7\u00e3o do PPGLA \u00e0 comunidade da UEA.<\/p>\n<\/div><\/div>\n\n\n\n<div style=\"height:100px\" aria-hidden=\"true\" class=\"wp-block-spacer\"><\/div>\n","protected":false},"excerpt":{"rendered":"<p>Autoavalia\u00e7\u00e3o PPGLA O processo de Autoavalia\u00e7\u00e3o, utilizado pelo Programa de P\u00f3s-Gradua\u00e7\u00e3o em Letras e Artes segue as recomenda\u00e7\u00f5es propostas no relat\u00f3rio do grupo de trabalho CAPES (2019), que instituem que a Autoavalia\u00e7\u00e3o de Programas de P\u00f3s-Gradua\u00e7\u00e3o devem prever:\u00ba O Monitoramento da qualidade do programa e seu processo formativo;\u00ba A produ\u00e7\u00e3o [&hellip;]<\/p>\n","protected":false},"author":1,"featured_media":0,"parent":0,"menu_order":0,"comment_status":"closed","ping_status":"closed","template":"","meta":{"footnotes":""},"class_list":["post-4523","page","type-page","status-publish","hentry"],"_links":{"self":[{"href":"http:\/\/ppgla.uea.edu.br\/pt_br\/index.php?rest_route=\/wp\/v2\/pages\/4523","targetHints":{"allow":["GET"]}}],"collection":[{"href":"http:\/\/ppgla.uea.edu.br\/pt_br\/index.php?rest_route=\/wp\/v2\/pages"}],"about":[{"href":"http:\/\/ppgla.uea.edu.br\/pt_br\/index.php?rest_route=\/wp\/v2\/types\/page"}],"author":[{"embeddable":true,"href":"http:\/\/ppgla.uea.edu.br\/pt_br\/index.php?rest_route=\/wp\/v2\/users\/1"}],"replies":[{"embeddable":true,"href":"http:\/\/ppgla.uea.edu.br\/pt_br\/index.php?rest_route=%2Fwp%2Fv2%2Fcomments&post=4523"}],"version-history":[{"count":2,"href":"http:\/\/ppgla.uea.edu.br\/pt_br\/index.php?rest_route=\/wp\/v2\/pages\/4523\/revisions"}],"predecessor-version":[{"id":4526,"href":"http:\/\/ppgla.uea.edu.br\/pt_br\/index.php?rest_route=\/wp\/v2\/pages\/4523\/revisions\/4526"}],"wp:attachment":[{"href":"http:\/\/ppgla.uea.edu.br\/pt_br\/index.php?rest_route=%2Fwp%2Fv2%2Fmedia&parent=4523"}],"curies":[{"name":"wp","href":"https:\/\/api.w.org\/{rel}","templated":true}]}}