{"id":628,"date":"2021-03-14T07:36:55","date_gmt":"2021-03-14T11:36:55","guid":{"rendered":"http:\/\/ppgla.uea.edu.br\/?page_id=628"},"modified":"2025-11-24T12:35:02","modified_gmt":"2025-11-24T16:35:02","slug":"grupos-de-pesquisa","status":"publish","type":"page","link":"http:\/\/ppgla.uea.edu.br\/pt_br\/?page_id=628","title":{"rendered":"Grupos de Pesquisa"},"content":{"rendered":"\n<h2 class=\"wp-block-heading has-accent-color has-text-color\" style=\"font-size:22px\"><strong><a rel=\"noreferrer noopener\" href=\"http:\/\/dgp.cnpq.br\/dgp\/espelhogrupo\/23927\" data-type=\"URL\" data-id=\"http:\/\/dgp.cnpq.br\/dgp\/espelhogrupo\/23927\" target=\"_blank\"><strong>Investiga\u00e7\u00f5es sobre Mem\u00f3ria Cultural em Artes e Literatura \u2013 Memocult<\/strong><\/a><\/strong><\/h2>\n\n\n\n<p style=\"font-size:18px\">L\u00edder(es) do grupo:<br>Profa. Dra. Luciane Viana Barros P\u00e1scoa<br>Prof. Dr. Allison Marcos Le\u00e3o da Silva<\/p>\n\n\n\n<hr class=\"wp-block-separator has-css-opacity\"\/>\n\n\n\n<h2 class=\"wp-block-heading has-accent-color has-text-color\" style=\"font-size:22px\"><strong><span class=\"has-inline-color has-accent-color\"><strong><a href=\"http:\/\/dgp.cnpq.br\/dgp\/espelhogrupo\/36416\" data-type=\"URL\" data-id=\"http:\/\/dgp.cnpq.br\/dgp\/espelhogrupo\/36416\" target=\"_blank\" rel=\"noreferrer noopener\">N\u00facleo de pesquisas em lingu\u00edstica e literatura (NUPELL)<\/a><\/strong><\/span><\/strong><\/h2>\n\n\n\n<p style=\"font-size:18px\">L\u00edder(es) do grupo:<br>Profa. Dra. Juciane dos Santos Cavalheiro<br>Prof. Dr. Mauricio Gomes de Matos<\/p>\n\n\n\n<hr class=\"wp-block-separator has-css-opacity\"\/>\n\n\n\n<h2 class=\"wp-block-heading has-accent-color has-text-color\" style=\"font-size:22px\"><strong><span class=\"has-inline-color has-accent-color\"><strong><strong><a href=\"http:\/\/dgp.cnpq.br\/dgp\/espelhogrupo\/620606\" data-type=\"URL\" data-id=\"http:\/\/dgp.cnpq.br\/dgp\/espelhogrupo\/620606\" target=\"_blank\" rel=\"noreferrer noopener\">Grupo de estudo e pesquisa em estudos comparados, cr\u00edtica e africanidades (GEPECCA)<\/a><\/strong><\/strong><\/span><\/strong><\/h2>\n\n\n\n<p style=\"font-size:18px\">L\u00edder(es) do grupo:<br>Profa. Dra. Renata Beatriz Brandespin Rolon<br>Prof. Dr. Marcos Frederico Kr\u00fcger Aleixo<br>Rede social:<a href=\" https:\/\/www.instagram.com\/gepecca.uea\/\"> https:\/\/www.instagram.com\/gepecca.uea\/<\/a><\/p>\n\n\n\n<hr class=\"wp-block-separator has-css-opacity\"\/>\n\n\n\n<h2 class=\"wp-block-heading has-accent-color has-text-color\" style=\"font-size:22px\"><strong><span class=\"has-inline-color has-accent-color\"><strong><strong><strong><a href=\"http:\/\/dgp.cnpq.br\/dgp\/espelhogrupo\/23926\" data-type=\"URL\" data-id=\"http:\/\/dgp.cnpq.br\/dgp\/espelhogrupo\/23926\" target=\"_blank\" rel=\"noreferrer noopener\">Musicologia e hist\u00f3ria cultural<\/a><\/strong><\/strong><\/strong><\/span><\/strong><\/h2>\n\n\n\n<p style=\"font-size:18px\">L\u00edder(es) do grupo:<br>Prof. Dr. M\u00e1rcio Leonel Farias Reis P\u00e1scoa&nbsp;<br>Profa. Dra. Luciane Viana Barros P\u00e1scoa<\/p>\n\n\n\n<hr class=\"wp-block-separator has-css-opacity\"\/>\n\n\n\n<h2 class=\"wp-block-heading has-accent-color has-text-color\" style=\"font-size:22px\"><strong><span class=\"has-inline-color has-accent-color\"><strong><strong><strong><strong><a href=\"http:\/\/dgp.cnpq.br\/dgp\/espelhogrupo\/41256\" data-type=\"URL\" data-id=\"http:\/\/dgp.cnpq.br\/dgp\/espelhogrupo\/41256\" target=\"_blank\" rel=\"noreferrer noopener\">Cogni\u00e7\u00e3o, educa\u00e7\u00e3o e pr\u00e1ticas interpretativas em m\u00fasica<\/a><\/strong><\/strong><\/strong><\/strong><\/span><\/strong><\/h2>\n\n\n\n<p style=\"font-size:18px\">L\u00edder(es) do grupo:<br>Profa. Dra. Caroline Caregnato\u00a0\u00a0<br>Prof. Dr. F\u00e1bio Silva Ventura<\/p>\n\n\n\n<p><a href=\"http:\/\/dgp.cnpq.br\/dgp\/espelhogrupo\/784378\"><strong>N\u00daCLEO \u2018GIANCARLO STEFANI\u2019 DE INVESTIGA\u00c7\u00c3O EM GRAM\u00c1TICA E RET\u00d3RICA, ANTIGAS E MODERNAS<\/strong> <strong>(NIGRAM)<\/strong><\/a><\/p>\n\n\n\n<p>L\u00edder do grupo:<br>Prof. Dr. Carlos Renato Ros\u00e1rio de Jesus<br>Rede social: <a href=\"https:\/\/www.instagram.com\/nigram.am\/\">https:\/\/www.instagram.com\/nigram.am\/<\/a><\/p>\n","protected":false},"excerpt":{"rendered":"<p>Investiga\u00e7\u00f5es sobre Mem\u00f3ria Cultural em Artes e Literatura \u2013 Memocult L\u00edder(es) do grupo:Profa. Dra. Luciane Viana Barros P\u00e1scoaProf. Dr. Allison Marcos Le\u00e3o da Silva N\u00facleo de pesquisas em lingu\u00edstica e literatura (NUPELL) L\u00edder(es) do grupo:Profa. Dra. Juciane dos Santos CavalheiroProf. Dr. Mauricio Gomes de Matos Grupo de estudo e pesquisa [&hellip;]<\/p>\n","protected":false},"author":1,"featured_media":0,"parent":0,"menu_order":0,"comment_status":"closed","ping_status":"closed","template":"","meta":{"footnotes":""},"class_list":["post-628","page","type-page","status-publish","hentry"],"_links":{"self":[{"href":"http:\/\/ppgla.uea.edu.br\/pt_br\/index.php?rest_route=\/wp\/v2\/pages\/628","targetHints":{"allow":["GET"]}}],"collection":[{"href":"http:\/\/ppgla.uea.edu.br\/pt_br\/index.php?rest_route=\/wp\/v2\/pages"}],"about":[{"href":"http:\/\/ppgla.uea.edu.br\/pt_br\/index.php?rest_route=\/wp\/v2\/types\/page"}],"author":[{"embeddable":true,"href":"http:\/\/ppgla.uea.edu.br\/pt_br\/index.php?rest_route=\/wp\/v2\/users\/1"}],"replies":[{"embeddable":true,"href":"http:\/\/ppgla.uea.edu.br\/pt_br\/index.php?rest_route=%2Fwp%2Fv2%2Fcomments&post=628"}],"version-history":[{"count":11,"href":"http:\/\/ppgla.uea.edu.br\/pt_br\/index.php?rest_route=\/wp\/v2\/pages\/628\/revisions"}],"predecessor-version":[{"id":5008,"href":"http:\/\/ppgla.uea.edu.br\/pt_br\/index.php?rest_route=\/wp\/v2\/pages\/628\/revisions\/5008"}],"wp:attachment":[{"href":"http:\/\/ppgla.uea.edu.br\/pt_br\/index.php?rest_route=%2Fwp%2Fv2%2Fmedia&parent=628"}],"curies":[{"name":"wp","href":"https:\/\/api.w.org\/{rel}","templated":true}]}}